{"id":57684,"date":"2023-09-07T16:32:43","date_gmt":"2023-09-07T19:32:43","guid":{"rendered":"https:\/\/tumarquito.com\/?product=import-placeholder-for-a-dep-camisetas1-000000"},"modified":"2023-09-07T16:33:04","modified_gmt":"2023-09-07T19:33:04","slug":"camisetas-1","status":"publish","type":"product","link":"https:\/\/tumarquito.com\/?product=camisetas-1","title":{"rendered":"Camisetas 1"},"content":{"rendered":"<p>1 Marco   1 L\u00e1mina   1 Vidrio   1 Gancho<br \/>\nEn la descripci\u00f3n de color &#8220;Natural&#8221; pod\u00e9s elegir: 1) Madera al natural<br \/>\nEn la descripci\u00f3n de color &#8220;A Elecci\u00f3n&#8221; pod\u00e9s elegir: 1) Negro \u00f3 2) Blanco<\/p>\n","protected":false},"excerpt":{"rendered":"<p>1 Marco   1 L\u00e1mina   1 Vidrio   1 Gancho<\/p>\n","protected":false},"featured_media":57651,"comment_status":"open","ping_status":"closed","template":"","meta":[],"class_list":{"0":"post-57684","1":"product","2":"type-product","3":"status-publish","4":"has-post-thumbnail","6":"product_cat-adultos","7":"product_cat-deportes","8":"product_cat-todo","9":"product_tag-ball","10":"product_tag-camiseta","11":"product_tag-campeonato-del-mundo","12":"product_tag-champion","13":"product_tag-copa","14":"product_tag-equipos","15":"product_tag-football","16":"product_tag-futbol","17":"product_tag-ganador","18":"product_tag-oficial","19":"product_tag-pelota","20":"product_tag-pelotas","21":"product_tag-remera","22":"product_tag-t-shirt","23":"product_tag-winner","24":"product_tag-world-cup","26":"first","27":"instock","28":"shipping-taxable","29":"purchasable","30":"product-type-variable"},"_links":{"self":[{"href":"https:\/\/tumarquito.com\/index.php?rest_route=\/wp\/v2\/product\/57684","targetHints":{"allow":["GET"]}}],"collection":[{"href":"https:\/\/tumarquito.com\/index.php?rest_route=\/wp\/v2\/product"}],"about":[{"href":"https:\/\/tumarquito.com\/index.php?rest_route=\/wp\/v2\/types\/product"}],"replies":[{"embeddable":true,"href":"https:\/\/tumarquito.com\/index.php?rest_route=%2Fwp%2Fv2%2Fcomments&post=57684"}],"wp:featuredmedia":[{"embeddable":true,"href":"https:\/\/tumarquito.com\/index.php?rest_route=\/wp\/v2\/media\/57651"}],"wp:attachment":[{"href":"https:\/\/tumarquito.com\/index.php?rest_route=%2Fwp%2Fv2%2Fmedia&parent=57684"}],"curies":[{"name":"wp","href":"https:\/\/api.w.org\/{rel}","templated":true}]}}