{"id":57487,"date":"2022-09-11T15:49:36","date_gmt":"2022-09-11T18:49:36","guid":{"rendered":"https:\/\/tumarquito.com\/?product=import-placeholder-for-a-508-geo1-000000"},"modified":"2023-09-07T18:35:23","modified_gmt":"2023-09-07T21:35:23","slug":"508-geo-1","status":"publish","type":"product","link":"https:\/\/tumarquito.com\/?product=508-geo-1","title":{"rendered":"508 geo 1"},"content":{"rendered":"<p>1 Marco   1 L\u00e1mina   1 Vidrio   1 Gancho<br \/>\nEn la descripci\u00f3n de color &#8220;Natural&#8221; pod\u00e9s elegir: 1) Madera al natural<br \/>\nEn la descripci\u00f3n de color &#8220;A Elecci\u00f3n&#8221; pod\u00e9s elegir: 1) Negro \u00f3 2) Blanco<br \/>\nblanco, negro, amarillo, bauhaus, geometrico, minimalista, cuadrado, circulo, cara, lineas, rayas<\/p>\n","protected":false},"excerpt":{"rendered":"<p>1 Marco   1 L\u00e1mina   1 Vidrio   1 Gancho \/\/ Podes cambiar los colores<\/p>\n","protected":false},"featured_media":57201,"comment_status":"open","ping_status":"closed","template":"","meta":[],"class_list":{"0":"post-57487","1":"product","2":"type-product","3":"status-publish","4":"has-post-thumbnail","6":"product_cat-adultos","7":"product_cat-arteyfotos","8":"product_cat-todo","9":"product_tag-amarillo","10":"product_tag-aqua","11":"product_tag-bauhaus","12":"product_tag-blanco","13":"product_tag-cara","14":"product_tag-circulo","15":"product_tag-cuadrado","16":"product_tag-cyan","17":"product_tag-geometrico","18":"product_tag-lineas","19":"product_tag-minimalista","20":"product_tag-negro","21":"product_tag-rayas","23":"first","24":"instock","25":"shipping-taxable","26":"purchasable","27":"product-type-variable"},"_links":{"self":[{"href":"https:\/\/tumarquito.com\/index.php?rest_route=\/wp\/v2\/product\/57487","targetHints":{"allow":["GET"]}}],"collection":[{"href":"https:\/\/tumarquito.com\/index.php?rest_route=\/wp\/v2\/product"}],"about":[{"href":"https:\/\/tumarquito.com\/index.php?rest_route=\/wp\/v2\/types\/product"}],"replies":[{"embeddable":true,"href":"https:\/\/tumarquito.com\/index.php?rest_route=%2Fwp%2Fv2%2Fcomments&post=57487"}],"wp:featuredmedia":[{"embeddable":true,"href":"https:\/\/tumarquito.com\/index.php?rest_route=\/wp\/v2\/media\/57201"}],"wp:attachment":[{"href":"https:\/\/tumarquito.com\/index.php?rest_route=%2Fwp%2Fv2%2Fmedia&parent=57487"}],"curies":[{"name":"wp","href":"https:\/\/api.w.org\/{rel}","templated":true}]}}