{"id":57367,"date":"2022-09-11T15:48:44","date_gmt":"2022-09-11T18:48:44","guid":{"rendered":"https:\/\/tumarquito.com\/?product=import-placeholder-for-a-505-onda2-000000"},"modified":"2023-09-07T18:34:37","modified_gmt":"2023-09-07T21:34:37","slug":"505-onda-2","status":"publish","type":"product","link":"https:\/\/tumarquito.com\/?product=505-onda-2","title":{"rendered":"505 onda 2"},"content":{"rendered":"<p>1 Marco   1 L\u00e1mina   1 Vidrio   1 Gancho<br \/>\nEn la descripci\u00f3n de color &#8220;Natural&#8221; pod\u00e9s elegir: 1) Madera al natural<br \/>\nEn la descripci\u00f3n de color &#8220;A Elecci\u00f3n&#8221; pod\u00e9s elegir: 1) Negro \u00f3 2) Blanco<br \/>\nblanco, negro, beige, rojo, bordo, naranja, bauhaus, geometrico, minimalista, cuadrado, circulo, cara, lineas, rayas<\/p>\n","protected":false},"excerpt":{"rendered":"<p>1 Marco   1 L\u00e1mina   1 Vidrio   1 Gancho \/\/ Podes cambiar los colores<\/p>\n","protected":false},"featured_media":57196,"comment_status":"open","ping_status":"closed","template":"","meta":[],"class_list":{"0":"post-57367","1":"product","2":"type-product","3":"status-publish","4":"has-post-thumbnail","6":"product_cat-adultos","7":"product_cat-arteyfotos","8":"product_cat-todo","9":"product_tag-aqua","10":"product_tag-azul","11":"product_tag-bauhaus","12":"product_tag-blanco","13":"product_tag-cara","14":"product_tag-celeste","15":"product_tag-circulo","16":"product_tag-geometrico","17":"product_tag-lineas","18":"product_tag-media-luna","19":"product_tag-minimalista","20":"product_tag-negro","22":"first","23":"instock","24":"shipping-taxable","25":"purchasable","26":"product-type-variable"},"_links":{"self":[{"href":"https:\/\/tumarquito.com\/index.php?rest_route=\/wp\/v2\/product\/57367","targetHints":{"allow":["GET"]}}],"collection":[{"href":"https:\/\/tumarquito.com\/index.php?rest_route=\/wp\/v2\/product"}],"about":[{"href":"https:\/\/tumarquito.com\/index.php?rest_route=\/wp\/v2\/types\/product"}],"replies":[{"embeddable":true,"href":"https:\/\/tumarquito.com\/index.php?rest_route=%2Fwp%2Fv2%2Fcomments&post=57367"}],"wp:featuredmedia":[{"embeddable":true,"href":"https:\/\/tumarquito.com\/index.php?rest_route=\/wp\/v2\/media\/57196"}],"wp:attachment":[{"href":"https:\/\/tumarquito.com\/index.php?rest_route=%2Fwp%2Fv2%2Fmedia&parent=57367"}],"curies":[{"name":"wp","href":"https:\/\/api.w.org\/{rel}","templated":true}]}}