{"id":57043,"date":"2022-09-04T14:32:56","date_gmt":"2022-09-04T17:32:56","guid":{"rendered":"https:\/\/tumarquito.com\/?product=import-placeholder-for-a-500-cuad-000000"},"modified":"2023-09-07T18:32:11","modified_gmt":"2023-09-07T21:32:11","slug":"500-cuadrado","status":"publish","type":"product","link":"https:\/\/tumarquito.com\/?product=500-cuadrado","title":{"rendered":"500 cuadrado"},"content":{"rendered":"<p>1 Marco   1 L\u00e1mina   1 Vidrio   1 Gancho<br \/>\nEn la descripci\u00f3n de color &#8220;Natural&#8221; pod\u00e9s elegir: 1) Madera al natural<br \/>\nEn la descripci\u00f3n de color &#8220;A Elecci\u00f3n&#8221; pod\u00e9s elegir: 1) Negro \u00f3 2) Blanco<br \/>\nnegro, fucsia, naranja, rosa, verde, flor, bauhaus, geometrico, minimalista, cuadrado, circulo, cara, lineas, rayas<\/p>\n","protected":false},"excerpt":{"rendered":"<p>1 Marco   1 L\u00e1mina   1 Vidrio   1 Gancho \/\/ Podes cambiar los colores<\/p>\n","protected":false},"featured_media":56948,"comment_status":"open","ping_status":"closed","template":"","meta":[],"class_list":{"0":"post-57043","1":"product","2":"type-product","3":"status-publish","4":"has-post-thumbnail","6":"product_cat-adultos","7":"product_cat-arteyfotos","8":"product_cat-todo","9":"product_tag-bauhaus","10":"product_tag-cara","11":"product_tag-circulo","12":"product_tag-cuadrado","13":"product_tag-flor","14":"product_tag-fucsia","15":"product_tag-geometrico","16":"product_tag-lineas","17":"product_tag-minimalista","18":"product_tag-naranja","19":"product_tag-negro","20":"product_tag-rayas","21":"product_tag-rosa","22":"product_tag-verde","24":"first","25":"instock","26":"shipping-taxable","27":"purchasable","28":"product-type-variable"},"_links":{"self":[{"href":"https:\/\/tumarquito.com\/index.php?rest_route=\/wp\/v2\/product\/57043","targetHints":{"allow":["GET"]}}],"collection":[{"href":"https:\/\/tumarquito.com\/index.php?rest_route=\/wp\/v2\/product"}],"about":[{"href":"https:\/\/tumarquito.com\/index.php?rest_route=\/wp\/v2\/types\/product"}],"replies":[{"embeddable":true,"href":"https:\/\/tumarquito.com\/index.php?rest_route=%2Fwp%2Fv2%2Fcomments&post=57043"}],"wp:featuredmedia":[{"embeddable":true,"href":"https:\/\/tumarquito.com\/index.php?rest_route=\/wp\/v2\/media\/56948"}],"wp:attachment":[{"href":"https:\/\/tumarquito.com\/index.php?rest_route=%2Fwp%2Fv2%2Fmedia&parent=57043"}],"curies":[{"name":"wp","href":"https:\/\/api.w.org\/{rel}","templated":true}]}}