{"id":56984,"date":"2022-09-04T14:32:30","date_gmt":"2022-09-04T17:32:30","guid":{"rendered":"https:\/\/tumarquito.com\/?product=import-placeholder-for-a-499-dot-000000"},"modified":"2023-09-07T18:31:50","modified_gmt":"2023-09-07T21:31:50","slug":"499-dot","status":"publish","type":"product","link":"https:\/\/tumarquito.com\/?product=499-dot","title":{"rendered":"499 dot"},"content":{"rendered":"<p>1 Marco   1 L\u00e1mina   1 Vidrio   1 Gancho<br \/>\nEn la descripci\u00f3n de color &#8220;Natural&#8221; pod\u00e9s elegir: 1) Madera al natural<br \/>\nEn la descripci\u00f3n de color &#8220;A Elecci\u00f3n&#8221; pod\u00e9s elegir: 1) Negro \u00f3 2) Blanco<br \/>\nblanco, negro, beige, bauhaus, geometrico, minimalista, cuadrado, circulo, cara, lineas, rayas<\/p>\n","protected":false},"excerpt":{"rendered":"<p>1 Marco   1 L\u00e1mina   1 Vidrio   1 Gancho \/\/ Podes cambiar los colores<\/p>\n","protected":false},"featured_media":56946,"comment_status":"open","ping_status":"closed","template":"","meta":[],"class_list":{"0":"post-56984","1":"product","2":"type-product","3":"status-publish","4":"has-post-thumbnail","6":"product_cat-adultos","7":"product_cat-arteyfotos","8":"product_cat-todo","9":"product_tag-bauhaus","10":"product_tag-beige","11":"product_tag-blanco","12":"product_tag-cara","13":"product_tag-circulo","14":"product_tag-cuadrado","15":"product_tag-geometrico","16":"product_tag-lineas","17":"product_tag-minimalista","18":"product_tag-negro","19":"product_tag-rayas","21":"first","22":"instock","23":"shipping-taxable","24":"purchasable","25":"product-type-variable"},"_links":{"self":[{"href":"https:\/\/tumarquito.com\/index.php?rest_route=\/wp\/v2\/product\/56984","targetHints":{"allow":["GET"]}}],"collection":[{"href":"https:\/\/tumarquito.com\/index.php?rest_route=\/wp\/v2\/product"}],"about":[{"href":"https:\/\/tumarquito.com\/index.php?rest_route=\/wp\/v2\/types\/product"}],"replies":[{"embeddable":true,"href":"https:\/\/tumarquito.com\/index.php?rest_route=%2Fwp%2Fv2%2Fcomments&post=56984"}],"wp:featuredmedia":[{"embeddable":true,"href":"https:\/\/tumarquito.com\/index.php?rest_route=\/wp\/v2\/media\/56946"}],"wp:attachment":[{"href":"https:\/\/tumarquito.com\/index.php?rest_route=%2Fwp%2Fv2%2Fmedia&parent=56984"}],"curies":[{"name":"wp","href":"https:\/\/api.w.org\/{rel}","templated":true}]}}