{"id":56628,"date":"2022-06-24T14:53:38","date_gmt":"2022-06-24T17:53:38","guid":{"rendered":"https:\/\/tumarquito.com\/?product=import-placeholder-for-a-494-ella-000000"},"modified":"2023-09-07T18:29:04","modified_gmt":"2023-09-07T21:29:04","slug":"494-ella","status":"publish","type":"product","link":"https:\/\/tumarquito.com\/?product=494-ella","title":{"rendered":"494 Ella"},"content":{"rendered":"<p>1 Marco   1 L\u00e1mina   1 Vidrio   1 Gancho<br \/>\nEn la descripci\u00f3n de color &#8220;Natural&#8221; pod\u00e9s elegir: 1) Madera al natural<br \/>\nEn la descripci\u00f3n de color &#8220;A Elecci\u00f3n&#8221; pod\u00e9s elegir: 1) Negro \u00f3 2) Blanco<br \/>\nmujer, ella, espalda, verde, beige, rodete<\/p>\n","protected":false},"excerpt":{"rendered":"<p>1 Marco   1 L\u00e1mina   1 Vidrio   1 Gancho \/\/ Podes cambiar los colores<\/p>\n","protected":false},"featured_media":56612,"comment_status":"open","ping_status":"closed","template":"","meta":[],"class_list":{"0":"post-56628","1":"product","2":"type-product","3":"status-publish","4":"has-post-thumbnail","6":"product_cat-adultos","7":"product_cat-arteyfotos","8":"product_cat-todo","9":"product_tag-beige","10":"product_tag-ella","11":"product_tag-espalda","12":"product_tag-mujer","13":"product_tag-rodete","14":"product_tag-verde","16":"first","17":"instock","18":"shipping-taxable","19":"purchasable","20":"product-type-variable"},"_links":{"self":[{"href":"https:\/\/tumarquito.com\/index.php?rest_route=\/wp\/v2\/product\/56628","targetHints":{"allow":["GET"]}}],"collection":[{"href":"https:\/\/tumarquito.com\/index.php?rest_route=\/wp\/v2\/product"}],"about":[{"href":"https:\/\/tumarquito.com\/index.php?rest_route=\/wp\/v2\/types\/product"}],"replies":[{"embeddable":true,"href":"https:\/\/tumarquito.com\/index.php?rest_route=%2Fwp%2Fv2%2Fcomments&post=56628"}],"wp:featuredmedia":[{"embeddable":true,"href":"https:\/\/tumarquito.com\/index.php?rest_route=\/wp\/v2\/media\/56612"}],"wp:attachment":[{"href":"https:\/\/tumarquito.com\/index.php?rest_route=%2Fwp%2Fv2%2Fmedia&parent=56628"}],"curies":[{"name":"wp","href":"https:\/\/api.w.org\/{rel}","templated":true}]}}