{"id":56320,"date":"2022-05-18T15:12:11","date_gmt":"2022-05-18T18:12:11","guid":{"rendered":"https:\/\/tumarquito.com\/?product=import-placeholder-for-a-490-face-000000"},"modified":"2023-09-07T18:27:08","modified_gmt":"2023-09-07T21:27:08","slug":"490-face","status":"publish","type":"product","link":"https:\/\/tumarquito.com\/?product=490-face","title":{"rendered":"490 Face"},"content":{"rendered":"<p>1 Marco   1 L\u00e1mina   1 Vidrio   1 Gancho<br \/>\nEn la descripci\u00f3n de color &#8220;Natural&#8221; pod\u00e9s elegir: 1) Madera al natural<br \/>\nEn la descripci\u00f3n de color &#8220;A Elecci\u00f3n&#8221; pod\u00e9s elegir: 1) Negro \u00f3 2) Blanco<br \/>\nmujer, blanco, negro, beige, art, arte, curvas, geometrico, abstracto, lineas, hojas, linea, flores, hojas, verde, rostro, cara, blanco<\/p>\n","protected":false},"excerpt":{"rendered":"<p>1 Marco   1 L\u00e1mina   1 Vidrio   1 Gancho \/\/ Podes cambiar los colores<\/p>\n","protected":false},"featured_media":56281,"comment_status":"open","ping_status":"closed","template":"","meta":[],"class_list":{"0":"post-56320","1":"product","2":"type-product","3":"status-publish","4":"has-post-thumbnail","6":"product_cat-adultos","7":"product_cat-arteyfotos","8":"product_cat-todo","9":"product_tag-abstracto","10":"product_tag-art","11":"product_tag-arte","12":"product_tag-beige","13":"product_tag-blanco","14":"product_tag-cara","15":"product_tag-curvas","16":"product_tag-flores","17":"product_tag-geometrico","18":"product_tag-hojas","19":"product_tag-linea","20":"product_tag-lineas","21":"product_tag-mujer","22":"product_tag-negro","23":"product_tag-rostro","24":"product_tag-verde","26":"first","27":"instock","28":"shipping-taxable","29":"purchasable","30":"product-type-variable"},"_links":{"self":[{"href":"https:\/\/tumarquito.com\/index.php?rest_route=\/wp\/v2\/product\/56320","targetHints":{"allow":["GET"]}}],"collection":[{"href":"https:\/\/tumarquito.com\/index.php?rest_route=\/wp\/v2\/product"}],"about":[{"href":"https:\/\/tumarquito.com\/index.php?rest_route=\/wp\/v2\/types\/product"}],"replies":[{"embeddable":true,"href":"https:\/\/tumarquito.com\/index.php?rest_route=%2Fwp%2Fv2%2Fcomments&post=56320"}],"wp:featuredmedia":[{"embeddable":true,"href":"https:\/\/tumarquito.com\/index.php?rest_route=\/wp\/v2\/media\/56281"}],"wp:attachment":[{"href":"https:\/\/tumarquito.com\/index.php?rest_route=%2Fwp%2Fv2%2Fmedia&parent=56320"}],"curies":[{"name":"wp","href":"https:\/\/api.w.org\/{rel}","templated":true}]}}