{"id":56193,"date":"2022-04-13T09:06:27","date_gmt":"2022-04-13T12:06:27","guid":{"rendered":"https:\/\/tumarquito.com\/?product=import-placeholder-for-a-nat-flor15-000000"},"modified":"2023-09-07T21:12:08","modified_gmt":"2023-09-08T00:12:08","slug":"flor-15","status":"publish","type":"product","link":"https:\/\/tumarquito.com\/?product=flor-15","title":{"rendered":"Flor 15"},"content":{"rendered":"<p>1 Marco   1 L\u00e1mina   1 Vidrio   1 Gancho<br \/>\nEn la descripci\u00f3n de color &#8220;Natural&#8221; pod\u00e9s elegir: 1) Madera al natural<br \/>\nEn la descripci\u00f3n de color &#8220;A Elecci\u00f3n&#8221; pod\u00e9s elegir: 1) Negro \u00f3 2) Blanco<br \/>\nhoja, planta, linea, monstera, verde, verdes, tropical, verde seco, pastel<\/p>\n","protected":false},"excerpt":{"rendered":"<p>1 Marco   1 L\u00e1mina   1 Vidrio   1 Gancho \/\/ Podes solicitar cambiar los colores de las l\u00e1minas<\/p>\n","protected":false},"featured_media":55981,"comment_status":"open","ping_status":"closed","template":"","meta":[],"class_list":{"0":"post-56193","1":"product","2":"type-product","3":"status-publish","4":"has-post-thumbnail","6":"product_cat-adultos","7":"product_cat-animalesynaturaleza","8":"product_cat-todo","9":"product_tag-amarillo","10":"product_tag-blanco","11":"product_tag-flor","12":"product_tag-florero","13":"product_tag-flores","14":"product_tag-flower","15":"product_tag-munich","16":"product_tag-planta","17":"product_tag-verde","19":"first","20":"instock","21":"featured","22":"shipping-taxable","23":"purchasable","24":"product-type-variable"},"_links":{"self":[{"href":"https:\/\/tumarquito.com\/index.php?rest_route=\/wp\/v2\/product\/56193","targetHints":{"allow":["GET"]}}],"collection":[{"href":"https:\/\/tumarquito.com\/index.php?rest_route=\/wp\/v2\/product"}],"about":[{"href":"https:\/\/tumarquito.com\/index.php?rest_route=\/wp\/v2\/types\/product"}],"replies":[{"embeddable":true,"href":"https:\/\/tumarquito.com\/index.php?rest_route=%2Fwp%2Fv2%2Fcomments&post=56193"}],"wp:featuredmedia":[{"embeddable":true,"href":"https:\/\/tumarquito.com\/index.php?rest_route=\/wp\/v2\/media\/55981"}],"wp:attachment":[{"href":"https:\/\/tumarquito.com\/index.php?rest_route=%2Fwp%2Fv2%2Fmedia&parent=56193"}],"curies":[{"name":"wp","href":"https:\/\/api.w.org\/{rel}","templated":true}]}}