{"id":56133,"date":"2022-04-13T09:06:07","date_gmt":"2022-04-13T12:06:07","guid":{"rendered":"https:\/\/tumarquito.com\/?product=import-placeholder-for-a-nat-flor10-000000"},"modified":"2023-09-07T21:11:49","modified_gmt":"2023-09-08T00:11:49","slug":"flor-10","status":"publish","type":"product","link":"https:\/\/tumarquito.com\/?product=flor-10","title":{"rendered":"Flor 10"},"content":{"rendered":"<p>1 Marco   1 L\u00e1mina   1 Vidrio   1 Gancho<br \/>\nEn la descripci\u00f3n de color &#8220;Natural&#8221; pod\u00e9s elegir: 1) Madera al natural<br \/>\nEn la descripci\u00f3n de color &#8220;A Elecci\u00f3n&#8221; pod\u00e9s elegir: 1) Negro \u00f3 2) Blanco<br \/>\nhoja, planta, linea, flor, celeste, flor, azul, celeste, ocre, petroleo, planta, palmera, hojas, naturaleza<\/p>\n","protected":false},"excerpt":{"rendered":"<p>1 Marco   1 L\u00e1mina   1 Vidrio   1 Gancho \/\/ podes cambiar los colores<\/p>\n","protected":false},"featured_media":55978,"comment_status":"open","ping_status":"closed","template":"","meta":[],"class_list":{"0":"post-56133","1":"product","2":"type-product","3":"status-publish","4":"has-post-thumbnail","6":"product_cat-adultos","7":"product_cat-animalesynaturaleza","8":"product_cat-todo","9":"product_tag-amarillo","10":"product_tag-azul","11":"product_tag-blanco","12":"product_tag-celeste","13":"product_tag-flor","14":"product_tag-flores","15":"product_tag-flower","16":"product_tag-flowers","17":"product_tag-madrid","18":"product_tag-naranja","19":"product_tag-ocre","21":"first","22":"instock","23":"featured","24":"shipping-taxable","25":"purchasable","26":"product-type-variable"},"_links":{"self":[{"href":"https:\/\/tumarquito.com\/index.php?rest_route=\/wp\/v2\/product\/56133","targetHints":{"allow":["GET"]}}],"collection":[{"href":"https:\/\/tumarquito.com\/index.php?rest_route=\/wp\/v2\/product"}],"about":[{"href":"https:\/\/tumarquito.com\/index.php?rest_route=\/wp\/v2\/types\/product"}],"replies":[{"embeddable":true,"href":"https:\/\/tumarquito.com\/index.php?rest_route=%2Fwp%2Fv2%2Fcomments&post=56133"}],"wp:featuredmedia":[{"embeddable":true,"href":"https:\/\/tumarquito.com\/index.php?rest_route=\/wp\/v2\/media\/55978"}],"wp:attachment":[{"href":"https:\/\/tumarquito.com\/index.php?rest_route=%2Fwp%2Fv2%2Fmedia&parent=56133"}],"curies":[{"name":"wp","href":"https:\/\/api.w.org\/{rel}","templated":true}]}}