{"id":55793,"date":"2022-02-16T21:18:02","date_gmt":"2022-02-17T00:18:02","guid":{"rendered":"https:\/\/tumarquito.com\/?product=import-placeholder-for-a-484-oneway-00000"},"modified":"2023-09-07T18:26:12","modified_gmt":"2023-09-07T21:26:12","slug":"484-one-way","status":"publish","type":"product","link":"https:\/\/tumarquito.com\/?product=484-one-way","title":{"rendered":"484 One Way"},"content":{"rendered":"<p>1 Marco   1 L\u00e1mina   1 Vidrio   1 Gancho<br \/>\nEn la descripci\u00f3n de color &#8220;Natural&#8221; pod\u00e9s elegir: 1) Madera al natural<br \/>\nEn la descripci\u00f3n de color &#8220;A Elecci\u00f3n&#8221; pod\u00e9s elegir: 1) Negro \u00f3 2) Blanco<br \/>\nwanderlust, roma, venecia, londres, paris, new york, paises, rose, celeste, foto, fotografia, lugares, <\/p>\n","protected":false},"excerpt":{"rendered":"<p>1 Marco   1 L\u00e1mina   1 Vidrio   1 Gancho<\/p>\n","protected":false},"featured_media":55549,"comment_status":"open","ping_status":"closed","template":"","meta":[],"class_list":{"0":"post-55793","1":"product","2":"type-product","3":"status-publish","4":"has-post-thumbnail","6":"product_cat-adultos","7":"product_cat-ciudadesyotros","8":"product_cat-todo","9":"product_tag-celeste","10":"product_tag-foto","11":"product_tag-fotografia","12":"product_tag-londres","13":"product_tag-lugares","14":"product_tag-new-york","15":"product_tag-paises","16":"product_tag-paris","17":"product_tag-roma","18":"product_tag-rose","19":"product_tag-venecia","20":"product_tag-wanderlust","22":"first","23":"instock","24":"shipping-taxable","25":"purchasable","26":"product-type-variable"},"_links":{"self":[{"href":"https:\/\/tumarquito.com\/index.php?rest_route=\/wp\/v2\/product\/55793","targetHints":{"allow":["GET"]}}],"collection":[{"href":"https:\/\/tumarquito.com\/index.php?rest_route=\/wp\/v2\/product"}],"about":[{"href":"https:\/\/tumarquito.com\/index.php?rest_route=\/wp\/v2\/types\/product"}],"replies":[{"embeddable":true,"href":"https:\/\/tumarquito.com\/index.php?rest_route=%2Fwp%2Fv2%2Fcomments&post=55793"}],"wp:featuredmedia":[{"embeddable":true,"href":"https:\/\/tumarquito.com\/index.php?rest_route=\/wp\/v2\/media\/55549"}],"wp:attachment":[{"href":"https:\/\/tumarquito.com\/index.php?rest_route=%2Fwp%2Fv2%2Fmedia&parent=55793"}],"curies":[{"name":"wp","href":"https:\/\/api.w.org\/{rel}","templated":true}]}}