{"id":55763,"date":"2022-02-16T21:17:13","date_gmt":"2022-02-17T00:17:13","guid":{"rendered":"https:\/\/tumarquito.com\/?product=import-placeholder-for-a-483-tablas-000000"},"modified":"2023-09-07T18:26:02","modified_gmt":"2023-09-07T21:26:02","slug":"483-tablas","status":"publish","type":"product","link":"https:\/\/tumarquito.com\/?product=483-tablas","title":{"rendered":"483 Tablas"},"content":{"rendered":"<p>1 Marco   1 L\u00e1mina   1 Vidrio   1 Gancho<br \/>\nEn la descripci\u00f3n de color &#8220;Natural&#8221; pod\u00e9s elegir: 1) Madera al natural<br \/>\nEn la descripci\u00f3n de color &#8220;A Elecci\u00f3n&#8221; pod\u00e9s elegir: 1) Negro \u00f3 2) Blanco<br \/>\nsave, nature, always, summer, vacaciones, verano, naturaleza, animales, tortuga, tablas, surf, palmera, palmeras, agua, mar, costa, oceano, ocean, sea, ola, waves, viajar, casas, farol, van, camioneta<\/p>\n","protected":false},"excerpt":{"rendered":"<p>1 Marco   1 L\u00e1mina   1 Vidrio   1 Gancho<\/p>\n","protected":false},"featured_media":55548,"comment_status":"open","ping_status":"closed","template":"","meta":[],"class_list":{"0":"post-55763","1":"product","2":"type-product","3":"status-publish","4":"has-post-thumbnail","6":"product_cat-adultos","7":"product_cat-ciudadesyotros","8":"product_cat-todo","9":"product_tag-agua","10":"product_tag-always","11":"product_tag-animales","12":"product_tag-camioneta","13":"product_tag-casas","14":"product_tag-costa","15":"product_tag-farol","16":"product_tag-mar","17":"product_tag-naturaleza","18":"product_tag-nature","19":"product_tag-ocean","20":"product_tag-oceano","21":"product_tag-ola","22":"product_tag-palmera","23":"product_tag-palmeras","24":"product_tag-save","25":"product_tag-sea","26":"product_tag-summer","27":"product_tag-surf","28":"product_tag-tablas","29":"product_tag-tortuga","30":"product_tag-vacaciones","31":"product_tag-van","32":"product_tag-verano","33":"product_tag-viajar","34":"product_tag-waves","36":"first","37":"instock","38":"featured","39":"shipping-taxable","40":"purchasable","41":"product-type-variable"},"_links":{"self":[{"href":"https:\/\/tumarquito.com\/index.php?rest_route=\/wp\/v2\/product\/55763","targetHints":{"allow":["GET"]}}],"collection":[{"href":"https:\/\/tumarquito.com\/index.php?rest_route=\/wp\/v2\/product"}],"about":[{"href":"https:\/\/tumarquito.com\/index.php?rest_route=\/wp\/v2\/types\/product"}],"replies":[{"embeddable":true,"href":"https:\/\/tumarquito.com\/index.php?rest_route=%2Fwp%2Fv2%2Fcomments&post=55763"}],"wp:featuredmedia":[{"embeddable":true,"href":"https:\/\/tumarquito.com\/index.php?rest_route=\/wp\/v2\/media\/55548"}],"wp:attachment":[{"href":"https:\/\/tumarquito.com\/index.php?rest_route=%2Fwp%2Fv2%2Fmedia&parent=55763"}],"curies":[{"name":"wp","href":"https:\/\/api.w.org\/{rel}","templated":true}]}}