{"id":55693,"date":"2022-02-16T21:15:09","date_gmt":"2022-02-17T00:15:09","guid":{"rendered":"https:\/\/tumarquito.com\/?product=import-placeholder-for-a-482-believe-000000"},"modified":"2023-09-07T18:25:42","modified_gmt":"2023-09-07T21:25:42","slug":"482-believe","status":"publish","type":"product","link":"https:\/\/tumarquito.com\/?product=482-believe","title":{"rendered":"482 Believe"},"content":{"rendered":"<p>1 Marco   1 L\u00e1mina   1 Vidrio   1 Gancho<br \/>\nEn la descripci\u00f3n de color &#8220;Natural&#8221; pod\u00e9s elegir: 1) Madera al natural<br \/>\nEn la descripci\u00f3n de color &#8220;A Elecci\u00f3n&#8221; pod\u00e9s elegir: 1) Negro \u00f3 2) Blanco<br \/>\nbelieve, yourself, beige, rose, medanos, atardecer, cara, mujer, silueta, flor, tropical, flores, tabla, camioneta, van, tablas, olas, surf, vida, libre, pajaros, arena, mar, oceano, agua<\/p>\n","protected":false},"excerpt":{"rendered":"<p>1 Marco   1 L\u00e1mina   1 Vidrio   1 Gancho<\/p>\n","protected":false},"featured_media":55545,"comment_status":"open","ping_status":"closed","template":"","meta":[],"class_list":{"0":"post-55693","1":"product","2":"type-product","3":"status-publish","4":"has-post-thumbnail","6":"product_cat-adultos","7":"product_cat-ciudadesyotros","8":"product_cat-todo","9":"product_tag-agua","10":"product_tag-arena","11":"product_tag-atardecer","12":"product_tag-beige","13":"product_tag-believe","14":"product_tag-camioneta","15":"product_tag-cara","16":"product_tag-flor","17":"product_tag-flores","18":"product_tag-libre","19":"product_tag-mar","20":"product_tag-medanos","21":"product_tag-mujer","22":"product_tag-oceano","23":"product_tag-olas","24":"product_tag-pajaros","25":"product_tag-rose","26":"product_tag-silueta","27":"product_tag-surf","28":"product_tag-tabla","29":"product_tag-tablas","30":"product_tag-tropical","31":"product_tag-van","32":"product_tag-vida","33":"product_tag-yourself","35":"first","36":"instock","37":"shipping-taxable","38":"purchasable","39":"product-type-variable"},"_links":{"self":[{"href":"https:\/\/tumarquito.com\/index.php?rest_route=\/wp\/v2\/product\/55693","targetHints":{"allow":["GET"]}}],"collection":[{"href":"https:\/\/tumarquito.com\/index.php?rest_route=\/wp\/v2\/product"}],"about":[{"href":"https:\/\/tumarquito.com\/index.php?rest_route=\/wp\/v2\/types\/product"}],"replies":[{"embeddable":true,"href":"https:\/\/tumarquito.com\/index.php?rest_route=%2Fwp%2Fv2%2Fcomments&post=55693"}],"wp:featuredmedia":[{"embeddable":true,"href":"https:\/\/tumarquito.com\/index.php?rest_route=\/wp\/v2\/media\/55545"}],"wp:attachment":[{"href":"https:\/\/tumarquito.com\/index.php?rest_route=%2Fwp%2Fv2%2Fmedia&parent=55693"}],"curies":[{"name":"wp","href":"https:\/\/api.w.org\/{rel}","templated":true}]}}