{"id":55635,"date":"2022-02-16T21:13:38","date_gmt":"2022-02-17T00:13:38","guid":{"rendered":"https:\/\/tumarquito.com\/?product=import-placeholder-for-a-481-earth-000000"},"modified":"2023-09-07T18:25:21","modified_gmt":"2023-09-07T21:25:21","slug":"481-earth","status":"publish","type":"product","link":"https:\/\/tumarquito.com\/?product=481-earth","title":{"rendered":"481 Earth"},"content":{"rendered":"<p>1 Marco   1 L\u00e1mina   1 Vidrio   1 Gancho<br \/>\nEn la descripci\u00f3n de color &#8220;Natural&#8221; pod\u00e9s elegir: 1) Madera al natural<br \/>\nEn la descripci\u00f3n de color &#8220;A Elecci\u00f3n&#8221; pod\u00e9s elegir: 1) Negro \u00f3 2) Blanco<br \/>\nverde, plantas, flores, blanco, blancas, earth, tierra, music, musica, hojas, eucapiltus, rama, ramas<\/p>\n","protected":false},"excerpt":{"rendered":"<p>1 Marco   1 L\u00e1mina   1 Vidrio   1 Gancho<\/p>\n","protected":false},"featured_media":55543,"comment_status":"open","ping_status":"closed","template":"","meta":[],"class_list":{"0":"post-55635","1":"product","2":"type-product","3":"status-publish","4":"has-post-thumbnail","6":"product_cat-adultos","7":"product_cat-ciudadesyotros","8":"product_cat-todo","9":"product_tag-blancas","10":"product_tag-blanco","11":"product_tag-earth","12":"product_tag-eucapiltus","13":"product_tag-flores","14":"product_tag-hojas","15":"product_tag-music","16":"product_tag-musica","17":"product_tag-plantas","18":"product_tag-rama","19":"product_tag-ramas","20":"product_tag-tierra","21":"product_tag-verde","23":"first","24":"instock","25":"shipping-taxable","26":"purchasable","27":"product-type-variable"},"_links":{"self":[{"href":"https:\/\/tumarquito.com\/index.php?rest_route=\/wp\/v2\/product\/55635","targetHints":{"allow":["GET"]}}],"collection":[{"href":"https:\/\/tumarquito.com\/index.php?rest_route=\/wp\/v2\/product"}],"about":[{"href":"https:\/\/tumarquito.com\/index.php?rest_route=\/wp\/v2\/types\/product"}],"replies":[{"embeddable":true,"href":"https:\/\/tumarquito.com\/index.php?rest_route=%2Fwp%2Fv2%2Fcomments&post=55635"}],"wp:featuredmedia":[{"embeddable":true,"href":"https:\/\/tumarquito.com\/index.php?rest_route=\/wp\/v2\/media\/55543"}],"wp:attachment":[{"href":"https:\/\/tumarquito.com\/index.php?rest_route=%2Fwp%2Fv2%2Fmedia&parent=55635"}],"curies":[{"name":"wp","href":"https:\/\/api.w.org\/{rel}","templated":true}]}}