{"id":55552,"date":"2022-02-16T21:10:51","date_gmt":"2022-02-17T00:10:51","guid":{"rendered":"https:\/\/tumarquito.com\/?product=import-placeholder-for-a-479-place-000000"},"modified":"2023-09-07T18:24:43","modified_gmt":"2023-09-07T21:24:43","slug":"479-place","status":"publish","type":"product","link":"https:\/\/tumarquito.com\/?product=479-place","title":{"rendered":"479 Place"},"content":{"rendered":"<p>1 Marco   1 L\u00e1mina   1 Vidrio   1 Gancho<br \/>\nEn la descripci\u00f3n de color &#8220;Natural&#8221; pod\u00e9s elegir: 1) Madera al natural<br \/>\nEn la descripci\u00f3n de color &#8220;A Elecci\u00f3n&#8221; pod\u00e9s elegir: 1) Negro \u00f3 2) Blanco<br \/>\ngrecia, place, lugar, sea, mar, caracoles, casas, atardecer, playa, olas, ocean, oceano, costa, viajar<\/p>\n","protected":false},"excerpt":{"rendered":"<p>1 Marco   1 L\u00e1mina   1 Vidrio   1 Gancho<\/p>\n","protected":false},"featured_media":55539,"comment_status":"open","ping_status":"closed","template":"","meta":[],"class_list":{"0":"post-55552","1":"product","2":"type-product","3":"status-publish","4":"has-post-thumbnail","6":"product_cat-adultos","7":"product_cat-ciudadesyotros","8":"product_cat-todo","9":"product_tag-atardecer","10":"product_tag-caracoles","11":"product_tag-casas","12":"product_tag-costa","13":"product_tag-grecia","14":"product_tag-lugar","15":"product_tag-mar","16":"product_tag-ocean","17":"product_tag-oceano","18":"product_tag-olas","19":"product_tag-place","20":"product_tag-playa","21":"product_tag-sea","22":"product_tag-viajar","24":"first","25":"instock","26":"shipping-taxable","27":"purchasable","28":"product-type-variable"},"_links":{"self":[{"href":"https:\/\/tumarquito.com\/index.php?rest_route=\/wp\/v2\/product\/55552","targetHints":{"allow":["GET"]}}],"collection":[{"href":"https:\/\/tumarquito.com\/index.php?rest_route=\/wp\/v2\/product"}],"about":[{"href":"https:\/\/tumarquito.com\/index.php?rest_route=\/wp\/v2\/types\/product"}],"replies":[{"embeddable":true,"href":"https:\/\/tumarquito.com\/index.php?rest_route=%2Fwp%2Fv2%2Fcomments&post=55552"}],"wp:featuredmedia":[{"embeddable":true,"href":"https:\/\/tumarquito.com\/index.php?rest_route=\/wp\/v2\/media\/55539"}],"wp:attachment":[{"href":"https:\/\/tumarquito.com\/index.php?rest_route=%2Fwp%2Fv2%2Fmedia&parent=55552"}],"curies":[{"name":"wp","href":"https:\/\/api.w.org\/{rel}","templated":true}]}}