{"id":54739,"date":"2021-10-29T15:31:35","date_gmt":"2021-10-29T18:31:35","guid":{"rendered":"https:\/\/tumarquito.com\/?product=import-placeholder-for-a-455-paris-000000"},"modified":"2023-09-07T18:21:30","modified_gmt":"2023-09-07T21:21:30","slug":"455-paris","status":"publish","type":"product","link":"https:\/\/tumarquito.com\/?product=455-paris","title":{"rendered":"455 Paris"},"content":{"rendered":"<p>1 Marco   1 L\u00e1mina   1 Vidrio   1 Gancho<br \/>\nEn la descripci\u00f3n de color &#8220;Natural&#8221; pod\u00e9s elegir: 1) Madera al natural<br \/>\nEn la descripci\u00f3n de color &#8220;A Elecci\u00f3n&#8221; pod\u00e9s elegir: 1) Negro \u00f3 2) Blanco<br \/>\nparis, ciudad, europa, belle, bella, flores, rosa, rose, mujer, moda, edificio, torre eiffel, arquitectura, negro, blanco,<\/p>\n","protected":false},"excerpt":{"rendered":"<p>1 Marco   1 L\u00e1mina   1 Vidrio   1 Gancho<\/p>\n","protected":false},"featured_media":54704,"comment_status":"open","ping_status":"closed","template":"","meta":[],"class_list":{"0":"post-54739","1":"product","2":"type-product","3":"status-publish","4":"has-post-thumbnail","6":"product_cat-adultos","7":"product_cat-ciudadesyotros","8":"product_cat-todo","9":"product_tag-arquitectura","10":"product_tag-bella","11":"product_tag-belle","12":"product_tag-blanco","13":"product_tag-ciudad","14":"product_tag-edificio","15":"product_tag-europa","16":"product_tag-flores","17":"product_tag-moda","18":"product_tag-mujer","19":"product_tag-negro","20":"product_tag-paris","21":"product_tag-rosa","22":"product_tag-rose","23":"product_tag-torre-eiffel","25":"first","26":"instock","27":"featured","28":"shipping-taxable","29":"purchasable","30":"product-type-variable"},"_links":{"self":[{"href":"https:\/\/tumarquito.com\/index.php?rest_route=\/wp\/v2\/product\/54739","targetHints":{"allow":["GET"]}}],"collection":[{"href":"https:\/\/tumarquito.com\/index.php?rest_route=\/wp\/v2\/product"}],"about":[{"href":"https:\/\/tumarquito.com\/index.php?rest_route=\/wp\/v2\/types\/product"}],"replies":[{"embeddable":true,"href":"https:\/\/tumarquito.com\/index.php?rest_route=%2Fwp%2Fv2%2Fcomments&post=54739"}],"wp:featuredmedia":[{"embeddable":true,"href":"https:\/\/tumarquito.com\/index.php?rest_route=\/wp\/v2\/media\/54704"}],"wp:attachment":[{"href":"https:\/\/tumarquito.com\/index.php?rest_route=%2Fwp%2Fv2%2Fmedia&parent=54739"}],"curies":[{"name":"wp","href":"https:\/\/api.w.org\/{rel}","templated":true}]}}