{"id":54709,"date":"2021-10-29T15:31:19","date_gmt":"2021-10-29T18:31:19","guid":{"rendered":"https:\/\/tumarquito.com\/?product=import-placeholder-for-a-454-mezquita-000000"},"modified":"2023-09-07T18:21:09","modified_gmt":"2023-09-07T21:21:09","slug":"454-mezquita","status":"publish","type":"product","link":"https:\/\/tumarquito.com\/?product=454-mezquita","title":{"rendered":"454 Mezquita"},"content":{"rendered":"<p>1 Marco   1 L\u00e1mina   1 Vidrio   1 Gancho<br \/>\nEn la descripci\u00f3n de color &#8220;Natural&#8221; pod\u00e9s elegir: 1) Madera al natural<br \/>\nEn la descripci\u00f3n de color &#8220;A Elecci\u00f3n&#8221; pod\u00e9s elegir: 1) Negro \u00f3 2) Blanco<br \/>\nmezquita, religion, asia, islam, pais, ciudad, templo, continentes, turquesa<\/p>\n","protected":false},"excerpt":{"rendered":"<p>1 Marco   1 L\u00e1mina   1 Vidrio   1 Gancho<\/p>\n","protected":false},"featured_media":54703,"comment_status":"open","ping_status":"closed","template":"","meta":[],"class_list":{"0":"post-54709","1":"product","2":"type-product","3":"status-publish","4":"has-post-thumbnail","6":"product_cat-adultos","7":"product_cat-ciudadesyotros","8":"product_cat-todo","9":"product_tag-asia","10":"product_tag-ciudad","11":"product_tag-continentes","12":"product_tag-islam","13":"product_tag-mezquita","14":"product_tag-pais","15":"product_tag-religion","16":"product_tag-templo","17":"product_tag-turquesa","19":"first","20":"instock","21":"shipping-taxable","22":"purchasable","23":"product-type-variable"},"_links":{"self":[{"href":"https:\/\/tumarquito.com\/index.php?rest_route=\/wp\/v2\/product\/54709","targetHints":{"allow":["GET"]}}],"collection":[{"href":"https:\/\/tumarquito.com\/index.php?rest_route=\/wp\/v2\/product"}],"about":[{"href":"https:\/\/tumarquito.com\/index.php?rest_route=\/wp\/v2\/types\/product"}],"replies":[{"embeddable":true,"href":"https:\/\/tumarquito.com\/index.php?rest_route=%2Fwp%2Fv2%2Fcomments&post=54709"}],"wp:featuredmedia":[{"embeddable":true,"href":"https:\/\/tumarquito.com\/index.php?rest_route=\/wp\/v2\/media\/54703"}],"wp:attachment":[{"href":"https:\/\/tumarquito.com\/index.php?rest_route=%2Fwp%2Fv2%2Fmedia&parent=54709"}],"curies":[{"name":"wp","href":"https:\/\/api.w.org\/{rel}","templated":true}]}}