{"id":54619,"date":"2021-10-29T13:51:42","date_gmt":"2021-10-29T16:51:42","guid":{"rendered":"https:\/\/tumarquito.com\/?product=import-placeholder-for-a-453-dream-000000"},"modified":"2023-09-07T18:21:00","modified_gmt":"2023-09-07T21:21:00","slug":"453-dream","status":"publish","type":"product","link":"https:\/\/tumarquito.com\/?product=453-dream","title":{"rendered":"453 Dream"},"content":{"rendered":"<p>1 Marco   1 L\u00e1mina   1 Vidrio   1 Gancho<br \/>\nEn la descripci\u00f3n de color &#8220;Natural&#8221; pod\u00e9s elegir: 1) Madera al natural<br \/>\nEn la descripci\u00f3n de color &#8220;A Elecci\u00f3n&#8221; pod\u00e9s elegir: 1) Negro \u00f3 2) Blanco<br \/>\nhojas, plantas, verde, blanco, negro, vetegacion, naturaleza, platano, monstera, palmera, aloe vera, linea, dibujo<\/p>\n","protected":false},"excerpt":{"rendered":"<p>1 Marco   1 L\u00e1mina   1 Vidrio   1 Gancho<\/p>\n","protected":false},"featured_media":54462,"comment_status":"open","ping_status":"closed","template":"","meta":[],"class_list":{"0":"post-54619","1":"product","2":"type-product","3":"status-publish","4":"has-post-thumbnail","6":"product_cat-adultos","7":"product_cat-ciudadesyotros","8":"product_cat-todo","9":"product_tag-aloe-vera","10":"product_tag-blanco","11":"product_tag-dibujo","12":"product_tag-hojas","13":"product_tag-linea","14":"product_tag-monstera","15":"product_tag-naturaleza","16":"product_tag-negro","17":"product_tag-palmera","18":"product_tag-plantas","19":"product_tag-platano","20":"product_tag-verde","21":"product_tag-vetegacion","23":"first","24":"instock","25":"shipping-taxable","26":"purchasable","27":"product-type-variable"},"_links":{"self":[{"href":"https:\/\/tumarquito.com\/index.php?rest_route=\/wp\/v2\/product\/54619","targetHints":{"allow":["GET"]}}],"collection":[{"href":"https:\/\/tumarquito.com\/index.php?rest_route=\/wp\/v2\/product"}],"about":[{"href":"https:\/\/tumarquito.com\/index.php?rest_route=\/wp\/v2\/types\/product"}],"replies":[{"embeddable":true,"href":"https:\/\/tumarquito.com\/index.php?rest_route=%2Fwp%2Fv2%2Fcomments&post=54619"}],"wp:featuredmedia":[{"embeddable":true,"href":"https:\/\/tumarquito.com\/index.php?rest_route=\/wp\/v2\/media\/54462"}],"wp:attachment":[{"href":"https:\/\/tumarquito.com\/index.php?rest_route=%2Fwp%2Fv2%2Fmedia&parent=54619"}],"curies":[{"name":"wp","href":"https:\/\/api.w.org\/{rel}","templated":true}]}}