{"id":54529,"date":"2021-10-29T13:51:01","date_gmt":"2021-10-29T16:51:01","guid":{"rendered":"https:\/\/tumarquito.com\/?product=import-placeholder-for-a-451-ny-000000"},"modified":"2023-09-07T18:20:30","modified_gmt":"2023-09-07T21:20:30","slug":"451-new-york","status":"publish","type":"product","link":"https:\/\/tumarquito.com\/?product=451-new-york","title":{"rendered":"451 New York"},"content":{"rendered":"<p>1 Marco   1 L\u00e1mina   1 Vidrio   1 Gancho<br \/>\nEn la descripci\u00f3n de color &#8220;Natural&#8221; pod\u00e9s elegir: 1) Madera al natural<br \/>\nEn la descripci\u00f3n de color &#8220;A Elecci\u00f3n&#8221; pod\u00e9s elegir: 1) Negro \u00f3 2) Blanco<br \/>\nny, new, york, blanco, negro, amarillo, ciudad, ee uu, estados unidos, bridge, puente, taxi<\/p>\n","protected":false},"excerpt":{"rendered":"<p>1 Marco   1 L\u00e1mina   1 Vidrio   1 Gancho<\/p>\n","protected":false},"featured_media":54459,"comment_status":"open","ping_status":"closed","template":"","meta":[],"class_list":{"0":"post-54529","1":"product","2":"type-product","3":"status-publish","4":"has-post-thumbnail","6":"product_cat-adultos","7":"product_cat-ciudadesyotros","8":"product_cat-todo","9":"product_tag-amarillo","10":"product_tag-blanco","11":"product_tag-bridge","12":"product_tag-ciudad","13":"product_tag-ee-uu-2","14":"product_tag-estados-unidos","15":"product_tag-negro","16":"product_tag-new","17":"product_tag-ny","18":"product_tag-puente","19":"product_tag-taxi","20":"product_tag-york","22":"first","23":"instock","24":"shipping-taxable","25":"purchasable","26":"product-type-variable"},"_links":{"self":[{"href":"https:\/\/tumarquito.com\/index.php?rest_route=\/wp\/v2\/product\/54529","targetHints":{"allow":["GET"]}}],"collection":[{"href":"https:\/\/tumarquito.com\/index.php?rest_route=\/wp\/v2\/product"}],"about":[{"href":"https:\/\/tumarquito.com\/index.php?rest_route=\/wp\/v2\/types\/product"}],"replies":[{"embeddable":true,"href":"https:\/\/tumarquito.com\/index.php?rest_route=%2Fwp%2Fv2%2Fcomments&post=54529"}],"wp:featuredmedia":[{"embeddable":true,"href":"https:\/\/tumarquito.com\/index.php?rest_route=\/wp\/v2\/media\/54459"}],"wp:attachment":[{"href":"https:\/\/tumarquito.com\/index.php?rest_route=%2Fwp%2Fv2%2Fmedia&parent=54529"}],"curies":[{"name":"wp","href":"https:\/\/api.w.org\/{rel}","templated":true}]}}