{"id":54294,"date":"2021-10-15T15:46:13","date_gmt":"2021-10-15T18:46:13","guid":{"rendered":"https:\/\/tumarquito.com\/?product=import-placeholder-for-a-arte-bn14-000000"},"modified":"2023-09-07T12:38:48","modified_gmt":"2023-09-07T15:38:48","slug":"beige-y-negro-14","status":"publish","type":"product","link":"https:\/\/tumarquito.com\/?product=beige-y-negro-14","title":{"rendered":"Beige y Negro 14"},"content":{"rendered":"<p>1 Marco   1 L\u00e1mina   1 Vidrio   1 Gancho<br \/>\nEn la descripci\u00f3n de color &#8220;Natural&#8221; pod\u00e9s elegir: 1) Madera al natural<br \/>\nEn la descripci\u00f3n de color &#8220;A Elecci\u00f3n&#8221; pod\u00e9s elegir: 1) Negro \u00f3 2) Blanco<br \/>\narte, blanco, negro, figura, abstracto, curvas, recto, geometria; beige, flores, hojas<\/p>\n","protected":false},"excerpt":{"rendered":"<p>1 Marco   1 L\u00e1mina   1 Vidrio   1 Gancho \/\/ Podes solicitar cambiar el color<\/p>\n","protected":false},"featured_media":54200,"comment_status":"open","ping_status":"closed","template":"","meta":[],"class_list":{"0":"post-54294","1":"product","2":"type-product","3":"status-publish","4":"has-post-thumbnail","6":"product_cat-adultos","7":"product_cat-arteyfotos","8":"product_cat-todo","9":"product_tag-abstracto","10":"product_tag-arte","11":"product_tag-blanco","12":"product_tag-curvas","13":"product_tag-figura","14":"product_tag-flores","15":"product_tag-geometria-beige","16":"product_tag-hojas","17":"product_tag-negro","18":"product_tag-recto","20":"first","21":"instock","22":"shipping-taxable","23":"purchasable","24":"product-type-variable"},"_links":{"self":[{"href":"https:\/\/tumarquito.com\/index.php?rest_route=\/wp\/v2\/product\/54294","targetHints":{"allow":["GET"]}}],"collection":[{"href":"https:\/\/tumarquito.com\/index.php?rest_route=\/wp\/v2\/product"}],"about":[{"href":"https:\/\/tumarquito.com\/index.php?rest_route=\/wp\/v2\/types\/product"}],"replies":[{"embeddable":true,"href":"https:\/\/tumarquito.com\/index.php?rest_route=%2Fwp%2Fv2%2Fcomments&post=54294"}],"wp:featuredmedia":[{"embeddable":true,"href":"https:\/\/tumarquito.com\/index.php?rest_route=\/wp\/v2\/media\/54200"}],"wp:attachment":[{"href":"https:\/\/tumarquito.com\/index.php?rest_route=%2Fwp%2Fv2%2Fmedia&parent=54294"}],"curies":[{"name":"wp","href":"https:\/\/api.w.org\/{rel}","templated":true}]}}