{"id":54111,"date":"2021-10-01T17:51:55","date_gmt":"2021-10-01T20:51:55","guid":{"rendered":"https:\/\/tumarquito.com\/?product=import-placeholder-for-a-flores1-000000"},"modified":"2023-09-07T15:33:55","modified_gmt":"2023-09-07T18:33:55","slug":"flores-1","status":"publish","type":"product","link":"https:\/\/tumarquito.com\/?product=flores-1","title":{"rendered":"Flores 1"},"content":{"rendered":"<p>1 Marco   1 L\u00e1mina   1 Vidrio   1 Gancho<br \/>\nEn la descripci\u00f3n de color &#8220;Natural&#8221; pod\u00e9s elegir: 1) Madera al natural<br \/>\nEn la descripci\u00f3n de color &#8220;A Elecci\u00f3n&#8221; pod\u00e9s elegir: 1) Negro \u00f3 2) Blanco<br \/>\nflor, linea, dibujo, siluetas, hojas, tronco, ramita, flores, flor, negro, beige<\/p>\n","protected":false},"excerpt":{"rendered":"<p>1 Marco   1 L\u00e1mina   1 Vidrio   1 Gancho \/\/ Podes cambiar los colores<\/p>\n","protected":false},"featured_media":53953,"comment_status":"open","ping_status":"closed","template":"","meta":[],"class_list":{"0":"post-54111","1":"product","2":"type-product","3":"status-publish","4":"has-post-thumbnail","6":"product_cat-adultos","7":"product_cat-arteyfotos","8":"product_cat-todo","9":"product_tag-beige","10":"product_tag-dibujo","11":"product_tag-flor","12":"product_tag-flores","13":"product_tag-hojas","14":"product_tag-linea","15":"product_tag-negro","16":"product_tag-ramita","17":"product_tag-siluetas","18":"product_tag-tronco","20":"first","21":"instock","22":"shipping-taxable","23":"purchasable","24":"product-type-variable"},"_links":{"self":[{"href":"https:\/\/tumarquito.com\/index.php?rest_route=\/wp\/v2\/product\/54111","targetHints":{"allow":["GET"]}}],"collection":[{"href":"https:\/\/tumarquito.com\/index.php?rest_route=\/wp\/v2\/product"}],"about":[{"href":"https:\/\/tumarquito.com\/index.php?rest_route=\/wp\/v2\/types\/product"}],"replies":[{"embeddable":true,"href":"https:\/\/tumarquito.com\/index.php?rest_route=%2Fwp%2Fv2%2Fcomments&post=54111"}],"wp:featuredmedia":[{"embeddable":true,"href":"https:\/\/tumarquito.com\/index.php?rest_route=\/wp\/v2\/media\/53953"}],"wp:attachment":[{"href":"https:\/\/tumarquito.com\/index.php?rest_route=%2Fwp%2Fv2%2Fmedia&parent=54111"}],"curies":[{"name":"wp","href":"https:\/\/api.w.org\/{rel}","templated":true}]}}