{"id":53961,"date":"2021-10-01T17:50:48","date_gmt":"2021-10-01T20:50:48","guid":{"rendered":"https:\/\/tumarquito.com\/?product=import-placeholder-for-a-ciaobeige1-000000"},"modified":"2023-09-07T15:33:09","modified_gmt":"2023-09-07T18:33:09","slug":"ciao-beige-1","status":"publish","type":"product","link":"https:\/\/tumarquito.com\/?product=ciao-beige-1","title":{"rendered":"Ciao Beige 1"},"content":{"rendered":"<p>1 Marco   1 L\u00e1mina   1 Vidrio   1 Gancho<br \/>\nEn la descripci\u00f3n de color &#8220;Natural&#8221; pod\u00e9s elegir: 1) Madera al natural<br \/>\nEn la descripci\u00f3n de color &#8220;A Elecci\u00f3n&#8221; pod\u00e9s elegir: 1) Negro \u00f3 2) Blanco<br \/>\nciao, palabra, frase, rosa, beige, italia, matisse<\/p>\n","protected":false},"excerpt":{"rendered":"<p>1 Marco   1 L\u00e1mina   1 Vidrio   1 Gancho \/\/ Podes cambiar los colores<\/p>\n","protected":false},"featured_media":53948,"comment_status":"open","ping_status":"closed","template":"","meta":[],"class_list":{"0":"post-53961","1":"product","2":"type-product","3":"status-publish","4":"has-post-thumbnail","6":"product_cat-adultos","7":"product_cat-arteyfotos","8":"product_cat-todo","9":"product_tag-beige","10":"product_tag-ciao","11":"product_tag-frase","12":"product_tag-italia","13":"product_tag-matisse","14":"product_tag-palabra","15":"product_tag-rosa","17":"first","18":"instock","19":"shipping-taxable","20":"purchasable","21":"product-type-variable"},"_links":{"self":[{"href":"https:\/\/tumarquito.com\/index.php?rest_route=\/wp\/v2\/product\/53961","targetHints":{"allow":["GET"]}}],"collection":[{"href":"https:\/\/tumarquito.com\/index.php?rest_route=\/wp\/v2\/product"}],"about":[{"href":"https:\/\/tumarquito.com\/index.php?rest_route=\/wp\/v2\/types\/product"}],"replies":[{"embeddable":true,"href":"https:\/\/tumarquito.com\/index.php?rest_route=%2Fwp%2Fv2%2Fcomments&post=53961"}],"wp:featuredmedia":[{"embeddable":true,"href":"https:\/\/tumarquito.com\/index.php?rest_route=\/wp\/v2\/media\/53948"}],"wp:attachment":[{"href":"https:\/\/tumarquito.com\/index.php?rest_route=%2Fwp%2Fv2%2Fmedia&parent=53961"}],"curies":[{"name":"wp","href":"https:\/\/api.w.org\/{rel}","templated":true}]}}