{"id":53498,"date":"2021-09-10T19:20:15","date_gmt":"2021-09-10T22:20:15","guid":{"rendered":"https:\/\/tumarquito.com\/?product=import-placeholder-for-a-nat-hojasyplantas7-000000"},"modified":"2023-09-07T21:08:04","modified_gmt":"2023-09-08T00:08:04","slug":"hojas-y-plantas-7","status":"publish","type":"product","link":"https:\/\/tumarquito.com\/?product=hojas-y-plantas-7","title":{"rendered":"Hojas y Plantas 7"},"content":{"rendered":"<p>1 Marco   1 L\u00e1mina   1 Vidrio   1 Gancho<br \/>\nEn la descripci\u00f3n de color &#8220;Natural&#8221; pod\u00e9s elegir: 1) Madera al natural<br \/>\nEn la descripci\u00f3n de color &#8220;A Elecci\u00f3n&#8221; pod\u00e9s elegir: 1) Negro \u00f3 2) Blanco<br \/>\nhoja, planta, linea, flor, blanco, pastel, marron, beige, palmera, finita<\/p>\n","protected":false},"excerpt":{"rendered":"<p>1 Marco   1 L\u00e1mina   1 Vidrio   1 Gancho \/\/ Podes solicitar cambiar los colores de las l\u00e1minas<\/p>\n","protected":false},"featured_media":53353,"comment_status":"open","ping_status":"closed","template":"","meta":[],"class_list":{"0":"post-53498","1":"product","2":"type-product","3":"status-publish","4":"has-post-thumbnail","6":"product_cat-adultos","7":"product_cat-animalesynaturaleza","8":"product_cat-todo","9":"product_tag-dibujo","10":"product_tag-hoja","11":"product_tag-hojitas","12":"product_tag-linea","13":"product_tag-monstera","14":"product_tag-pastel","15":"product_tag-planta","16":"product_tag-plantas","17":"product_tag-tropical","18":"product_tag-verde","19":"product_tag-verde-seco","20":"product_tag-verdes","22":"first","23":"instock","24":"featured","25":"shipping-taxable","26":"purchasable","27":"product-type-variable"},"_links":{"self":[{"href":"https:\/\/tumarquito.com\/index.php?rest_route=\/wp\/v2\/product\/53498","targetHints":{"allow":["GET"]}}],"collection":[{"href":"https:\/\/tumarquito.com\/index.php?rest_route=\/wp\/v2\/product"}],"about":[{"href":"https:\/\/tumarquito.com\/index.php?rest_route=\/wp\/v2\/types\/product"}],"replies":[{"embeddable":true,"href":"https:\/\/tumarquito.com\/index.php?rest_route=%2Fwp%2Fv2%2Fcomments&post=53498"}],"wp:featuredmedia":[{"embeddable":true,"href":"https:\/\/tumarquito.com\/index.php?rest_route=\/wp\/v2\/media\/53353"}],"wp:attachment":[{"href":"https:\/\/tumarquito.com\/index.php?rest_route=%2Fwp%2Fv2%2Fmedia&parent=53498"}],"curies":[{"name":"wp","href":"https:\/\/api.w.org\/{rel}","templated":true}]}}