{"id":52988,"date":"2021-08-27T17:48:38","date_gmt":"2021-08-27T20:48:38","guid":{"rendered":"https:\/\/tumarquito.com\/?product=import-placeholder-for-a-arte-peach2-000000"},"modified":"2023-09-07T13:44:00","modified_gmt":"2023-09-07T16:44:00","slug":"peach-2","status":"publish","type":"product","link":"https:\/\/tumarquito.com\/?product=peach-2","title":{"rendered":"Peach 2"},"content":{"rendered":"<p>1 Marco   1 L\u00e1mina   1 Vidrio   1 Gancho<br \/>\nEn la descripci\u00f3n de color &#8220;Natural&#8221; pod\u00e9s elegir: 1) Madera al natural<br \/>\nEn la descripci\u00f3n de color &#8220;A Elecci\u00f3n&#8221; pod\u00e9s elegir: 1) Negro \u00f3 2) Blanco<br \/>\npop, art, retro, peach, naranja, amarillo, salmon, rosa, colores, rainbow, flower, power, circulo, curvas, happy<\/p>\n","protected":false},"excerpt":{"rendered":"<p>1 Marco   1 L\u00e1mina   1 Vidrio   1 Gancho<\/p>\n","protected":false},"featured_media":52973,"comment_status":"open","ping_status":"closed","template":"","meta":[],"class_list":{"0":"post-52988","1":"product","2":"type-product","3":"status-publish","4":"has-post-thumbnail","6":"product_cat-adultos","7":"product_cat-arteyfotos","8":"product_cat-todo","9":"product_tag-amarillo","10":"product_tag-art","11":"product_tag-circulo","12":"product_tag-colores","13":"product_tag-curvas","14":"product_tag-flower","15":"product_tag-happy","16":"product_tag-naranja","17":"product_tag-peach","18":"product_tag-pop","19":"product_tag-power","20":"product_tag-rainbow","21":"product_tag-retro","22":"product_tag-rosa","23":"product_tag-salmon","25":"first","26":"instock","27":"shipping-taxable","28":"purchasable","29":"product-type-variable"},"_links":{"self":[{"href":"https:\/\/tumarquito.com\/index.php?rest_route=\/wp\/v2\/product\/52988","targetHints":{"allow":["GET"]}}],"collection":[{"href":"https:\/\/tumarquito.com\/index.php?rest_route=\/wp\/v2\/product"}],"about":[{"href":"https:\/\/tumarquito.com\/index.php?rest_route=\/wp\/v2\/types\/product"}],"replies":[{"embeddable":true,"href":"https:\/\/tumarquito.com\/index.php?rest_route=%2Fwp%2Fv2%2Fcomments&post=52988"}],"wp:featuredmedia":[{"embeddable":true,"href":"https:\/\/tumarquito.com\/index.php?rest_route=\/wp\/v2\/media\/52973"}],"wp:attachment":[{"href":"https:\/\/tumarquito.com\/index.php?rest_route=%2Fwp%2Fv2%2Fmedia&parent=52988"}],"curies":[{"name":"wp","href":"https:\/\/api.w.org\/{rel}","templated":true}]}}