{"id":52923,"date":"2021-08-11T17:23:14","date_gmt":"2021-08-11T20:23:14","guid":{"rendered":"https:\/\/tumarquito.com\/?product=import-placeholder-for-a-arte-nordico3-000000"},"modified":"2023-09-07T12:33:33","modified_gmt":"2023-09-07T15:33:33","slug":"nordico-3","status":"publish","type":"product","link":"https:\/\/tumarquito.com\/?product=nordico-3","title":{"rendered":"Nordico 3"},"content":{"rendered":"<p>1 Marco   1 L\u00e1mina   1 Vidrio   1 Gancho<br \/>\nEn la descripci\u00f3n de color &#8220;Natural&#8221; pod\u00e9s elegir: 1) Madera al natural<br \/>\nEn la descripci\u00f3n de color &#8220;A Elecci\u00f3n&#8221; pod\u00e9s elegir: 1) Negro \u00f3 2) Blanco<br \/>\nnegro, gris, nordico, minimalista, blanco, arbol, arboles, frio<\/p>\n","protected":false},"excerpt":{"rendered":"<p>1 Marco   1 L\u00e1mina   1 Vidrio   1 Gancho<\/p>\n","protected":false},"featured_media":52822,"comment_status":"open","ping_status":"closed","template":"","meta":[],"class_list":{"0":"post-52923","1":"product","2":"type-product","3":"status-publish","4":"has-post-thumbnail","6":"product_cat-adultos","7":"product_cat-animalesynaturaleza","8":"product_cat-todo","9":"product_tag-arbol","10":"product_tag-arboles","11":"product_tag-blanco","12":"product_tag-frio","13":"product_tag-gris","14":"product_tag-minimalista","15":"product_tag-negro","16":"product_tag-nordico","18":"first","19":"instock","20":"featured","21":"shipping-taxable","22":"purchasable","23":"product-type-variable"},"_links":{"self":[{"href":"https:\/\/tumarquito.com\/index.php?rest_route=\/wp\/v2\/product\/52923","targetHints":{"allow":["GET"]}}],"collection":[{"href":"https:\/\/tumarquito.com\/index.php?rest_route=\/wp\/v2\/product"}],"about":[{"href":"https:\/\/tumarquito.com\/index.php?rest_route=\/wp\/v2\/types\/product"}],"replies":[{"embeddable":true,"href":"https:\/\/tumarquito.com\/index.php?rest_route=%2Fwp%2Fv2%2Fcomments&post=52923"}],"wp:featuredmedia":[{"embeddable":true,"href":"https:\/\/tumarquito.com\/index.php?rest_route=\/wp\/v2\/media\/52822"}],"wp:attachment":[{"href":"https:\/\/tumarquito.com\/index.php?rest_route=%2Fwp%2Fv2%2Fmedia&parent=52923"}],"curies":[{"name":"wp","href":"https:\/\/api.w.org\/{rel}","templated":true}]}}