{"id":52738,"date":"2021-08-06T10:06:35","date_gmt":"2021-08-06T13:06:35","guid":{"rendered":"https:\/\/tumarquito.com\/?product=import-placeholder-for-a-ciudad-asia10-000000"},"modified":"2023-09-07T13:46:55","modified_gmt":"2023-09-07T16:46:55","slug":"asia-10","status":"publish","type":"product","link":"https:\/\/tumarquito.com\/?product=asia-10","title":{"rendered":"Asia 10"},"content":{"rendered":"<p>1 Marco   1 L\u00e1mina   1 Vidrio   1 Gancho<br \/>\nEn la descripci\u00f3n de color &#8220;Natural&#8221; pod\u00e9s elegir: 1) Madera al natural<br \/>\nEn la descripci\u00f3n de color &#8220;A Elecci\u00f3n&#8221; pod\u00e9s elegir: 1) Negro \u00f3 2) Blanco<br \/>\nasia, blanco, beige, templo, india, religion, arquitectura, dorado, casa, puerta, entrada, ornamentos, pintura, hojas, dibujos, agua, fuente, arbol, vida<\/p>\n","protected":false},"excerpt":{"rendered":"<p>1 Marco   1 L\u00e1mina   1 Vidrio   1 Gancho<\/p>\n","protected":false},"featured_media":52521,"comment_status":"open","ping_status":"closed","template":"","meta":[],"class_list":{"0":"post-52738","1":"product","2":"type-product","3":"status-publish","4":"has-post-thumbnail","6":"product_cat-adultos","7":"product_cat-ciudadesyotros","8":"product_cat-todo","9":"product_tag-agua","10":"product_tag-arbol","11":"product_tag-arquitectura","12":"product_tag-asia","13":"product_tag-beige","14":"product_tag-blanco","15":"product_tag-casa","16":"product_tag-dibujos","17":"product_tag-dorado","18":"product_tag-entrada","19":"product_tag-fuente","20":"product_tag-hojas","21":"product_tag-india","22":"product_tag-ornamentos","23":"product_tag-pintura","24":"product_tag-puerta","25":"product_tag-religion","26":"product_tag-templo","27":"product_tag-vida","29":"first","30":"instock","31":"featured","32":"shipping-taxable","33":"purchasable","34":"product-type-variable"},"_links":{"self":[{"href":"https:\/\/tumarquito.com\/index.php?rest_route=\/wp\/v2\/product\/52738","targetHints":{"allow":["GET"]}}],"collection":[{"href":"https:\/\/tumarquito.com\/index.php?rest_route=\/wp\/v2\/product"}],"about":[{"href":"https:\/\/tumarquito.com\/index.php?rest_route=\/wp\/v2\/types\/product"}],"replies":[{"embeddable":true,"href":"https:\/\/tumarquito.com\/index.php?rest_route=%2Fwp%2Fv2%2Fcomments&post=52738"}],"wp:featuredmedia":[{"embeddable":true,"href":"https:\/\/tumarquito.com\/index.php?rest_route=\/wp\/v2\/media\/52521"}],"wp:attachment":[{"href":"https:\/\/tumarquito.com\/index.php?rest_route=%2Fwp%2Fv2%2Fmedia&parent=52738"}],"curies":[{"name":"wp","href":"https:\/\/api.w.org\/{rel}","templated":true}]}}