{"id":52588,"date":"2021-08-06T10:05:26","date_gmt":"2021-08-06T13:05:26","guid":{"rendered":"https:\/\/tumarquito.com\/?product=import-placeholder-for-a-ciudad-asia4-000000"},"modified":"2023-09-07T13:46:07","modified_gmt":"2023-09-07T16:46:07","slug":"asia-4","status":"publish","type":"product","link":"https:\/\/tumarquito.com\/?product=asia-4","title":{"rendered":"Asia 4"},"content":{"rendered":"<p>1 Marco   1 L\u00e1mina   1 Vidrio   1 Gancho<br \/>\nEn la descripci\u00f3n de color &#8220;Natural&#8221; pod\u00e9s elegir: 1) Madera al natural<br \/>\nEn la descripci\u00f3n de color &#8220;A Elecci\u00f3n&#8221; pod\u00e9s elegir: 1) Negro \u00f3 2) Blanco<br \/>\nasia, blanco, beige, templo, india, religion, arquitectura, dorado<\/p>\n","protected":false},"excerpt":{"rendered":"<p>1 Marco   1 L\u00e1mina   1 Vidrio   1 Gancho<\/p>\n","protected":false},"featured_media":52515,"comment_status":"open","ping_status":"closed","template":"","meta":[],"class_list":{"0":"post-52588","1":"product","2":"type-product","3":"status-publish","4":"has-post-thumbnail","6":"product_cat-adultos","7":"product_cat-ciudadesyotros","8":"product_cat-todo","9":"product_tag-arquitectura","10":"product_tag-asia","11":"product_tag-beige","12":"product_tag-blanco","13":"product_tag-dorado","14":"product_tag-india","15":"product_tag-religion","16":"product_tag-templo","18":"first","19":"instock","20":"shipping-taxable","21":"purchasable","22":"product-type-variable"},"_links":{"self":[{"href":"https:\/\/tumarquito.com\/index.php?rest_route=\/wp\/v2\/product\/52588","targetHints":{"allow":["GET"]}}],"collection":[{"href":"https:\/\/tumarquito.com\/index.php?rest_route=\/wp\/v2\/product"}],"about":[{"href":"https:\/\/tumarquito.com\/index.php?rest_route=\/wp\/v2\/types\/product"}],"replies":[{"embeddable":true,"href":"https:\/\/tumarquito.com\/index.php?rest_route=%2Fwp%2Fv2%2Fcomments&post=52588"}],"wp:featuredmedia":[{"embeddable":true,"href":"https:\/\/tumarquito.com\/index.php?rest_route=\/wp\/v2\/media\/52515"}],"wp:attachment":[{"href":"https:\/\/tumarquito.com\/index.php?rest_route=%2Fwp%2Fv2%2Fmedia&parent=52588"}],"curies":[{"name":"wp","href":"https:\/\/api.w.org\/{rel}","templated":true}]}}