{"id":52442,"date":"2021-07-24T19:22:18","date_gmt":"2021-07-24T22:22:18","guid":{"rendered":"https:\/\/tumarquito.com\/?product=import-placeholder-for-i-escan-arcoirisceleste1-000000"},"modified":"2023-09-07T22:15:08","modified_gmt":"2023-09-08T01:15:08","slug":"arcoiris-celeste-1","status":"publish","type":"product","link":"https:\/\/tumarquito.com\/?product=arcoiris-celeste-1","title":{"rendered":"Arcoiris celeste 1"},"content":{"rendered":"<p>1 Marco   1 L\u00e1mina   1 Vidrio   1 Gancho<br \/>\nEn la descripci\u00f3n de color &#8220;Natural&#8221; pod\u00e9s elegir: 1) Madera al natural<br \/>\nEn la descripci\u00f3n de color &#8220;A Elecci\u00f3n&#8221; pod\u00e9s elegir: 1) Negro \u00f3 2) Blanco<br \/>\nescandinavo, colores, nene, nena, bebe, beba, arcoiris, celeste, aqua, nombre, nacimiento, dia<\/p>\n","protected":false},"excerpt":{"rendered":"<p>1 Marco   1 L\u00e1mina   1 Vidrio   1 Gancho<br \/>\nPod\u00e9s solicitar cambiar los colores.<\/p>\n","protected":false},"featured_media":52274,"comment_status":"open","ping_status":"closed","template":"","meta":[],"class_list":{"0":"post-52442","1":"product","2":"type-product","3":"status-publish","4":"has-post-thumbnail","6":"product_cat-infantiles","7":"product_cat-escandinavos-infantiles","8":"product_cat-todo","9":"product_tag-aqua","10":"product_tag-arcoiris","11":"product_tag-beba","12":"product_tag-bebe","13":"product_tag-celeste","14":"product_tag-colores","15":"product_tag-dia","16":"product_tag-escandinavo","17":"product_tag-nacimiento","18":"product_tag-nena","19":"product_tag-nene","20":"product_tag-nombre","22":"first","23":"instock","24":"shipping-taxable","25":"purchasable","26":"product-type-variable"},"_links":{"self":[{"href":"https:\/\/tumarquito.com\/index.php?rest_route=\/wp\/v2\/product\/52442","targetHints":{"allow":["GET"]}}],"collection":[{"href":"https:\/\/tumarquito.com\/index.php?rest_route=\/wp\/v2\/product"}],"about":[{"href":"https:\/\/tumarquito.com\/index.php?rest_route=\/wp\/v2\/types\/product"}],"replies":[{"embeddable":true,"href":"https:\/\/tumarquito.com\/index.php?rest_route=%2Fwp%2Fv2%2Fcomments&post=52442"}],"wp:featuredmedia":[{"embeddable":true,"href":"https:\/\/tumarquito.com\/index.php?rest_route=\/wp\/v2\/media\/52274"}],"wp:attachment":[{"href":"https:\/\/tumarquito.com\/index.php?rest_route=%2Fwp%2Fv2%2Fmedia&parent=52442"}],"curies":[{"name":"wp","href":"https:\/\/api.w.org\/{rel}","templated":true}]}}