{"id":52317,"date":"2021-07-24T19:19:56","date_gmt":"2021-07-24T22:19:56","guid":{"rendered":"https:\/\/tumarquito.com\/?product=import-placeholder-for-i-escan-casita1-000000"},"modified":"2023-09-07T22:14:19","modified_gmt":"2023-09-08T01:14:19","slug":"casita-1","status":"publish","type":"product","link":"https:\/\/tumarquito.com\/?product=casita-1","title":{"rendered":"Casita 1"},"content":{"rendered":"<p>1 Marco   1 L\u00e1mina   1 Vidrio   1 Gancho<br \/>\nEn la descripci\u00f3n de color &#8220;Natural&#8221; pod\u00e9s elegir: 1) Madera al natural<br \/>\nEn la descripci\u00f3n de color &#8220;A Elecci\u00f3n&#8221; pod\u00e9s elegir: 1) Negro \u00f3 2) Blanco<br \/>\nescandinavo, blanco, negro, corazon, rojo, casa, casita, hogar, familia, nombres<\/p>\n","protected":false},"excerpt":{"rendered":"<p>1 Marco   1 L\u00e1mina   1 Vidrio   1 Gancho<br \/>\nPod\u00e9s solicitar cambiar los colores.<\/p>\n","protected":false},"featured_media":52276,"comment_status":"open","ping_status":"closed","template":"","meta":[],"class_list":{"0":"post-52317","1":"product","2":"type-product","3":"status-publish","4":"has-post-thumbnail","6":"product_cat-infantiles","7":"product_cat-escandinavos-infantiles","8":"product_cat-todo","9":"product_tag-blanco","10":"product_tag-casa","11":"product_tag-casita","12":"product_tag-corazon","13":"product_tag-escandinavo","14":"product_tag-familia","15":"product_tag-hogar","16":"product_tag-negro","17":"product_tag-nombres","18":"product_tag-rojo","20":"first","21":"instock","22":"shipping-taxable","23":"purchasable","24":"product-type-variable"},"_links":{"self":[{"href":"https:\/\/tumarquito.com\/index.php?rest_route=\/wp\/v2\/product\/52317","targetHints":{"allow":["GET"]}}],"collection":[{"href":"https:\/\/tumarquito.com\/index.php?rest_route=\/wp\/v2\/product"}],"about":[{"href":"https:\/\/tumarquito.com\/index.php?rest_route=\/wp\/v2\/types\/product"}],"replies":[{"embeddable":true,"href":"https:\/\/tumarquito.com\/index.php?rest_route=%2Fwp%2Fv2%2Fcomments&post=52317"}],"wp:featuredmedia":[{"embeddable":true,"href":"https:\/\/tumarquito.com\/index.php?rest_route=\/wp\/v2\/media\/52276"}],"wp:attachment":[{"href":"https:\/\/tumarquito.com\/index.php?rest_route=%2Fwp%2Fv2%2Fmedia&parent=52317"}],"curies":[{"name":"wp","href":"https:\/\/api.w.org\/{rel}","templated":true}]}}