{"id":52187,"date":"2021-07-10T20:05:02","date_gmt":"2021-07-10T23:05:02","guid":{"rendered":"https:\/\/tumarquito.com\/?product=import-placeholder-for-a-tramas13-000000"},"modified":"2023-09-07T15:42:24","modified_gmt":"2023-09-07T18:42:24","slug":"tramas-13","status":"publish","type":"product","link":"https:\/\/tumarquito.com\/?product=tramas-13","title":{"rendered":"Tramas 13"},"content":{"rendered":"<p>1 Marco   1 L\u00e1mina   1 Vidrio   1 Gancho<br \/>\nEn la descripci\u00f3n de color &#8220;Natural&#8221; pod\u00e9s elegir: 1) Madera al natural<br \/>\nEn la descripci\u00f3n de color &#8220;A Elecci\u00f3n&#8221; pod\u00e9s elegir: 1) Negro \u00f3 2) Blanco<\/p>\n","protected":false},"excerpt":{"rendered":"<p>1 Marco   1 L\u00e1mina   1 Vidrio   1 Gancho \/\/ Podes cambiar los colores<\/p>\n","protected":false},"featured_media":52164,"comment_status":"open","ping_status":"closed","template":"","meta":[],"class_list":{"0":"post-52187","1":"product","2":"type-product","3":"status-publish","4":"has-post-thumbnail","6":"product_cat-adultos","7":"product_cat-arteyfotos","8":"product_cat-todo","9":"product_tag-abstracto","10":"product_tag-amarillo-lineas","11":"product_tag-aqua","12":"product_tag-colores","13":"product_tag-negro","14":"product_tag-picos","15":"product_tag-trama","16":"product_tag-turquesa","17":"product_tag-zig-zag","19":"first","20":"instock","21":"shipping-taxable","22":"purchasable","23":"product-type-variable"},"_links":{"self":[{"href":"https:\/\/tumarquito.com\/index.php?rest_route=\/wp\/v2\/product\/52187","targetHints":{"allow":["GET"]}}],"collection":[{"href":"https:\/\/tumarquito.com\/index.php?rest_route=\/wp\/v2\/product"}],"about":[{"href":"https:\/\/tumarquito.com\/index.php?rest_route=\/wp\/v2\/types\/product"}],"replies":[{"embeddable":true,"href":"https:\/\/tumarquito.com\/index.php?rest_route=%2Fwp%2Fv2%2Fcomments&post=52187"}],"wp:featuredmedia":[{"embeddable":true,"href":"https:\/\/tumarquito.com\/index.php?rest_route=\/wp\/v2\/media\/52164"}],"wp:attachment":[{"href":"https:\/\/tumarquito.com\/index.php?rest_route=%2Fwp%2Fv2%2Fmedia&parent=52187"}],"curies":[{"name":"wp","href":"https:\/\/api.w.org\/{rel}","templated":true}]}}