{"id":51301,"date":"2021-04-16T10:55:54","date_gmt":"2021-04-16T13:55:54","guid":{"rendered":"https:\/\/tumarquito.com\/?product=import-placeholder-for-a-arte-letrag1-000000"},"modified":"2023-09-07T12:37:58","modified_gmt":"2023-09-07T15:37:58","slug":"letra-g-1","status":"publish","type":"product","link":"https:\/\/tumarquito.com\/?product=letra-g-1","title":{"rendered":"Letra G 1"},"content":{"rendered":"<p>1 Marco   1 L\u00e1mina   1 Vidrio   1 Gancho<br \/>\nEn la descripci\u00f3n de color &#8220;Natural&#8221; pod\u00e9s elegir: 1) Madera al natural<br \/>\nEn la descripci\u00f3n de color &#8220;A Elecci\u00f3n&#8221; pod\u00e9s elegir: 1) Negro \u00f3 2) Blanco<br \/>\nblanco, negro, letra, letras, g, G, minuscula, abecedario, numeros, industrial, curvas<\/p>\n","protected":false},"excerpt":{"rendered":"<p>1 Marco   1 L\u00e1mina   1 Vidrio   1 Gancho<\/p>\n","protected":false},"featured_media":51099,"comment_status":"open","ping_status":"closed","template":"","meta":[],"class_list":{"0":"post-51301","1":"product","2":"type-product","3":"status-publish","4":"has-post-thumbnail","6":"product_cat-adultos","7":"product_cat-arteyfotos","8":"product_cat-todo","9":"product_tag-abecedario","10":"product_tag-blanco","11":"product_tag-curvas","12":"product_tag-g","13":"product_tag-industrial","14":"product_tag-letra","15":"product_tag-letras","16":"product_tag-minuscula","17":"product_tag-negro","18":"product_tag-numeros","20":"first","21":"instock","22":"shipping-taxable","23":"purchasable","24":"product-type-variable"},"_links":{"self":[{"href":"https:\/\/tumarquito.com\/index.php?rest_route=\/wp\/v2\/product\/51301","targetHints":{"allow":["GET"]}}],"collection":[{"href":"https:\/\/tumarquito.com\/index.php?rest_route=\/wp\/v2\/product"}],"about":[{"href":"https:\/\/tumarquito.com\/index.php?rest_route=\/wp\/v2\/types\/product"}],"replies":[{"embeddable":true,"href":"https:\/\/tumarquito.com\/index.php?rest_route=%2Fwp%2Fv2%2Fcomments&post=51301"}],"wp:featuredmedia":[{"embeddable":true,"href":"https:\/\/tumarquito.com\/index.php?rest_route=\/wp\/v2\/media\/51099"}],"wp:attachment":[{"href":"https:\/\/tumarquito.com\/index.php?rest_route=%2Fwp%2Fv2%2Fmedia&parent=51301"}],"curies":[{"name":"wp","href":"https:\/\/api.w.org\/{rel}","templated":true}]}}