{"id":51187,"date":"2021-04-16T10:54:44","date_gmt":"2021-04-16T13:54:44","guid":{"rendered":"https:\/\/tumarquito.com\/?product=import-placeholder-for-a-arte-maquinadeescribir1-000000"},"modified":"2023-09-07T12:37:29","modified_gmt":"2023-09-07T15:37:29","slug":"maquina-de-escribir-1","status":"publish","type":"product","link":"https:\/\/tumarquito.com\/?product=maquina-de-escribir-1","title":{"rendered":"Maquina de escribir 1"},"content":{"rendered":"<p>1 Marco   1 L\u00e1mina   1 Vidrio   1 Gancho<br \/>\nEn la descripci\u00f3n de color &#8220;Natural&#8221; pod\u00e9s elegir: 1) Madera al natural<br \/>\nEn la descripci\u00f3n de color &#8220;A Elecci\u00f3n&#8221; pod\u00e9s elegir: 1) Negro \u00f3 2) Blanco<br \/>\nblanco, negro, gris, foto, maquina de escribir, escribir, dactilografia, negra, maquina, letras, numeros, antiguo, antigua, vieja<\/p>\n","protected":false},"excerpt":{"rendered":"<p>1 Marco   1 L\u00e1mina   1 Vidrio   1 Gancho<\/p>\n","protected":false},"featured_media":51100,"comment_status":"open","ping_status":"closed","template":"","meta":[],"class_list":{"0":"post-51187","1":"product","2":"type-product","3":"status-publish","4":"has-post-thumbnail","6":"product_cat-adultos","7":"product_cat-arteyfotos","8":"product_cat-todo","9":"product_tag-antigua","10":"product_tag-antiguo","11":"product_tag-blanco","12":"product_tag-dactilografia","13":"product_tag-escribir","14":"product_tag-foto","15":"product_tag-gris","16":"product_tag-letras","17":"product_tag-maquina","18":"product_tag-maquina-de-escribir","19":"product_tag-negra","20":"product_tag-negro","21":"product_tag-numeros","22":"product_tag-vieja","24":"first","25":"instock","26":"shipping-taxable","27":"purchasable","28":"product-type-variable"},"_links":{"self":[{"href":"https:\/\/tumarquito.com\/index.php?rest_route=\/wp\/v2\/product\/51187","targetHints":{"allow":["GET"]}}],"collection":[{"href":"https:\/\/tumarquito.com\/index.php?rest_route=\/wp\/v2\/product"}],"about":[{"href":"https:\/\/tumarquito.com\/index.php?rest_route=\/wp\/v2\/types\/product"}],"replies":[{"embeddable":true,"href":"https:\/\/tumarquito.com\/index.php?rest_route=%2Fwp%2Fv2%2Fcomments&post=51187"}],"wp:featuredmedia":[{"embeddable":true,"href":"https:\/\/tumarquito.com\/index.php?rest_route=\/wp\/v2\/media\/51100"}],"wp:attachment":[{"href":"https:\/\/tumarquito.com\/index.php?rest_route=%2Fwp%2Fv2%2Fmedia&parent=51187"}],"curies":[{"name":"wp","href":"https:\/\/api.w.org\/{rel}","templated":true}]}}