{"id":51127,"date":"2021-04-16T10:54:11","date_gmt":"2021-04-16T13:54:11","guid":{"rendered":"https:\/\/tumarquito.com\/?product=import-placeholder-for-a-arte-circulo1-000000"},"modified":"2023-09-07T12:37:02","modified_gmt":"2023-09-07T15:37:02","slug":"circulo-1","status":"publish","type":"product","link":"https:\/\/tumarquito.com\/?product=circulo-1","title":{"rendered":"Circulo 1"},"content":{"rendered":"<p>1 Marco   1 L\u00e1mina   1 Vidrio   1 Gancho<br \/>\nEn la descripci\u00f3n de color &#8220;Natural&#8221; pod\u00e9s elegir: 1) Madera al natural<br \/>\nEn la descripci\u00f3n de color &#8220;A Elecci\u00f3n&#8221; pod\u00e9s elegir: 1) Negro \u00f3 2) Blanco<br \/>\nblanco, negro, gris, circulos, abstracto, minimalista, industrial, geometria, geometrico, circular, lunas, mundos, lunares, escandinavo<\/p>\n","protected":false},"excerpt":{"rendered":"<p>1 Marco   1 L\u00e1mina   1 Vidrio   1 Gancho<\/p>\n","protected":false},"featured_media":51097,"comment_status":"open","ping_status":"closed","template":"","meta":[],"class_list":{"0":"post-51127","1":"product","2":"type-product","3":"status-publish","4":"has-post-thumbnail","6":"product_cat-adultos","7":"product_cat-arteyfotos","8":"product_cat-todo","9":"product_tag-abstracto","10":"product_tag-blanco","11":"product_tag-circular","12":"product_tag-circulos","13":"product_tag-escandinavo","14":"product_tag-geometria","15":"product_tag-geometrico","16":"product_tag-gris","17":"product_tag-industrial","18":"product_tag-lunares","19":"product_tag-lunas","20":"product_tag-minimalista","21":"product_tag-mundos","22":"product_tag-negro","24":"first","25":"instock","26":"shipping-taxable","27":"purchasable","28":"product-type-variable"},"_links":{"self":[{"href":"https:\/\/tumarquito.com\/index.php?rest_route=\/wp\/v2\/product\/51127","targetHints":{"allow":["GET"]}}],"collection":[{"href":"https:\/\/tumarquito.com\/index.php?rest_route=\/wp\/v2\/product"}],"about":[{"href":"https:\/\/tumarquito.com\/index.php?rest_route=\/wp\/v2\/types\/product"}],"replies":[{"embeddable":true,"href":"https:\/\/tumarquito.com\/index.php?rest_route=%2Fwp%2Fv2%2Fcomments&post=51127"}],"wp:featuredmedia":[{"embeddable":true,"href":"https:\/\/tumarquito.com\/index.php?rest_route=\/wp\/v2\/media\/51097"}],"wp:attachment":[{"href":"https:\/\/tumarquito.com\/index.php?rest_route=%2Fwp%2Fv2%2Fmedia&parent=51127"}],"curies":[{"name":"wp","href":"https:\/\/api.w.org\/{rel}","templated":true}]}}