{"id":50980,"date":"2021-04-09T15:31:50","date_gmt":"2021-04-09T18:31:50","guid":{"rendered":"https:\/\/tumarquito.com\/?product=import-placeholder-for-a-arte-rectangulos1-000000"},"modified":"2023-09-07T12:41:44","modified_gmt":"2023-09-07T15:41:44","slug":"rectangulos-1","status":"publish","type":"product","link":"https:\/\/tumarquito.com\/?product=rectangulos-1","title":{"rendered":"Rectangulos 1"},"content":{"rendered":"<p>1 Marco   1 L\u00e1mina   1 Vidrio   1 Gancho<br \/>\nEn la descripci\u00f3n de color &#8220;Natural&#8221; pod\u00e9s elegir: 1) Madera al natural<br \/>\nEn la descripci\u00f3n de color &#8220;A Elecci\u00f3n&#8221; pod\u00e9s elegir: 1) Negro \u00f3 2) Blanco<br \/>\narte, blanco, rosa, azules, celestes, petroleos, rectangulos, abstracto, geometrico, escandinavo<\/p>\n","protected":false},"excerpt":{"rendered":"<p>1 Marco   1 L\u00e1mina   1 Vidrio   1 Gancho<br \/>\nPod\u00e9s solicitar cambiar los colores de las l\u00e1minas<\/p>\n","protected":false},"featured_media":50972,"comment_status":"open","ping_status":"closed","template":"","meta":[],"class_list":{"0":"post-50980","1":"product","2":"type-product","3":"status-publish","4":"has-post-thumbnail","6":"product_cat-adultos","7":"product_cat-arteyfotos","8":"product_cat-todo","9":"product_tag-abstracto","10":"product_tag-arte","11":"product_tag-azules","12":"product_tag-blanco","13":"product_tag-celestes","14":"product_tag-escandinavo","15":"product_tag-geometrico","16":"product_tag-petroleos","17":"product_tag-rectangulos","18":"product_tag-rosa","20":"first","21":"instock","22":"shipping-taxable","23":"purchasable","24":"product-type-variable"},"_links":{"self":[{"href":"https:\/\/tumarquito.com\/index.php?rest_route=\/wp\/v2\/product\/50980","targetHints":{"allow":["GET"]}}],"collection":[{"href":"https:\/\/tumarquito.com\/index.php?rest_route=\/wp\/v2\/product"}],"about":[{"href":"https:\/\/tumarquito.com\/index.php?rest_route=\/wp\/v2\/types\/product"}],"replies":[{"embeddable":true,"href":"https:\/\/tumarquito.com\/index.php?rest_route=%2Fwp%2Fv2%2Fcomments&post=50980"}],"wp:featuredmedia":[{"embeddable":true,"href":"https:\/\/tumarquito.com\/index.php?rest_route=\/wp\/v2\/media\/50972"}],"wp:attachment":[{"href":"https:\/\/tumarquito.com\/index.php?rest_route=%2Fwp%2Fv2%2Fmedia&parent=50980"}],"curies":[{"name":"wp","href":"https:\/\/api.w.org\/{rel}","templated":true}]}}