{"id":50408,"date":"2021-01-22T17:07:16","date_gmt":"2021-01-22T20:07:16","guid":{"rendered":"https:\/\/tumarquito.com\/?product=import-placeholder-for-i-naci-nacimiento1-000000"},"modified":"2023-09-07T22:19:14","modified_gmt":"2023-09-08T01:19:14","slug":"nacimiento-1","status":"publish","type":"product","link":"https:\/\/tumarquito.com\/?product=nacimiento-1","title":{"rendered":"Nacimiento 1"},"content":{"rendered":"<p>2 marcos + 2 laminas + 2 ganchos<br \/>\nEn la descripci\u00f3n de color &#8220;&#8221;Natural&#8221;&#8221; pod\u00e9s elegir: 1) Madera al natural<br \/>\nEn la descripci\u00f3n de color &#8220;&#8221;A Elecci\u00f3n&#8221;&#8221; pod\u00e9s elegir: 1) Negro \u00f3 2) Blanco<br \/>\nbebe, beba, nacimiento, colores, baby, duerme<\/p>\n","protected":false},"excerpt":{"rendered":"<p>2 marcos + 2 laminas + 2 ganchos<\/p>\n","protected":false},"featured_media":50401,"comment_status":"open","ping_status":"closed","template":"","meta":[],"class_list":{"0":"post-50408","1":"product","2":"type-product","3":"status-publish","4":"has-post-thumbnail","6":"product_cat-infantiles","7":"product_cat-nacimientos","8":"product_cat-todo","9":"product_tag-baby","10":"product_tag-beba","11":"product_tag-bebe","12":"product_tag-colores","13":"product_tag-duerme","14":"product_tag-nacimiento","16":"first","17":"instock","18":"shipping-taxable","19":"purchasable","20":"product-type-variable"},"_links":{"self":[{"href":"https:\/\/tumarquito.com\/index.php?rest_route=\/wp\/v2\/product\/50408","targetHints":{"allow":["GET"]}}],"collection":[{"href":"https:\/\/tumarquito.com\/index.php?rest_route=\/wp\/v2\/product"}],"about":[{"href":"https:\/\/tumarquito.com\/index.php?rest_route=\/wp\/v2\/types\/product"}],"replies":[{"embeddable":true,"href":"https:\/\/tumarquito.com\/index.php?rest_route=%2Fwp%2Fv2%2Fcomments&post=50408"}],"wp:featuredmedia":[{"embeddable":true,"href":"https:\/\/tumarquito.com\/index.php?rest_route=\/wp\/v2\/media\/50401"}],"wp:attachment":[{"href":"https:\/\/tumarquito.com\/index.php?rest_route=%2Fwp%2Fv2%2Fmedia&parent=50408"}],"curies":[{"name":"wp","href":"https:\/\/api.w.org\/{rel}","templated":true}]}}