{"id":49774,"date":"2020-11-06T15:08:23","date_gmt":"2020-11-06T18:08:23","guid":{"rendered":"https:\/\/tumarquito.com\/?product=import-placeholder-for-i-abecedario-000000"},"modified":"2023-09-07T21:36:04","modified_gmt":"2023-09-08T00:36:04","slug":"abecedario-1","status":"publish","type":"product","link":"https:\/\/tumarquito.com\/?product=abecedario-1","title":{"rendered":"Abecedario 1"},"content":{"rendered":"<p>1 Marco   1 L\u00e1mina   1 Vidrio   1 Gancho<br \/>\nEn la descripci\u00f3n de color &#8220;Natural&#8221; pod\u00e9s elegir: 1) Madera al natural<br \/>\nEn la descripci\u00f3n de color &#8220;A Elecci\u00f3n&#8221; pod\u00e9s elegir: 1) Negro \u00f3 2) Blanco<br \/>\nabecedario, abc, letras, palabras, escuela, jardin, aprender, a, b, c, d, e, f, g, h, i, j, k, l, m, n, o, p, q, r, s, t, u, v, w, x, y, z,<br \/>\ncolores, dibujos, dibujitos, nene, nena, bebe, beba, nenes, chicos<\/p>\n","protected":false},"excerpt":{"rendered":"<p>1 Marco   1 L\u00e1mina   1 Vidrio   1 Gancho<br \/>\nPod\u00e9s solicitar cambiar los colores!<\/p>\n","protected":false},"featured_media":49772,"comment_status":"open","ping_status":"closed","template":"","meta":[],"class_list":{"0":"post-49774","1":"product","2":"type-product","3":"status-publish","4":"has-post-thumbnail","6":"product_cat-infantiles","7":"product_cat-frases-infantiles","8":"product_cat-todo","9":"product_tag-a","10":"product_tag-abc","11":"product_tag-abecedario","12":"product_tag-aprender","13":"product_tag-b","14":"product_tag-beba","15":"product_tag-bebe","16":"product_tag-c","17":"product_tag-chicos","18":"product_tag-colores","19":"product_tag-d","20":"product_tag-dibujitos","21":"product_tag-dibujos","22":"product_tag-e","23":"product_tag-escuela","24":"product_tag-f","25":"product_tag-g","26":"product_tag-h","27":"product_tag-i","28":"product_tag-j","29":"product_tag-jardin","30":"product_tag-k","31":"product_tag-l","32":"product_tag-letras","33":"product_tag-m","34":"product_tag-n","35":"product_tag-nena","36":"product_tag-nene","37":"product_tag-nenes","38":"product_tag-o","39":"product_tag-p","40":"product_tag-palabras","41":"product_tag-q","42":"product_tag-r","43":"product_tag-s","44":"product_tag-t","45":"product_tag-u","46":"product_tag-v","47":"product_tag-w","48":"product_tag-x","49":"product_tag-y","50":"product_tag-z","52":"first","53":"instock","54":"shipping-taxable","55":"purchasable","56":"product-type-variable"},"_links":{"self":[{"href":"https:\/\/tumarquito.com\/index.php?rest_route=\/wp\/v2\/product\/49774","targetHints":{"allow":["GET"]}}],"collection":[{"href":"https:\/\/tumarquito.com\/index.php?rest_route=\/wp\/v2\/product"}],"about":[{"href":"https:\/\/tumarquito.com\/index.php?rest_route=\/wp\/v2\/types\/product"}],"replies":[{"embeddable":true,"href":"https:\/\/tumarquito.com\/index.php?rest_route=%2Fwp%2Fv2%2Fcomments&post=49774"}],"wp:featuredmedia":[{"embeddable":true,"href":"https:\/\/tumarquito.com\/index.php?rest_route=\/wp\/v2\/media\/49772"}],"wp:attachment":[{"href":"https:\/\/tumarquito.com\/index.php?rest_route=%2Fwp%2Fv2%2Fmedia&parent=49774"}],"curies":[{"name":"wp","href":"https:\/\/api.w.org\/{rel}","templated":true}]}}