{"id":49266,"date":"2020-10-29T16:43:00","date_gmt":"2020-10-29T19:43:00","guid":{"rendered":"https:\/\/tumarquito.com\/?product=import-placeholder-for-i-ani-osoday2-000000"},"modified":"2023-09-07T21:38:18","modified_gmt":"2023-09-08T00:38:18","slug":"oso-day-2","status":"publish","type":"product","link":"https:\/\/tumarquito.com\/?product=oso-day-2","title":{"rendered":"Oso Day 2"},"content":{"rendered":"<p>1 Marco   1 L\u00e1mina   1 Vidrio   1 Gancho<br \/>\nEn la descripci\u00f3n de color &#8220;Natural&#8221; pod\u00e9s elegir: 1) Madera al natural<br \/>\nEn la descripci\u00f3n de color &#8220;A Elecci\u00f3n&#8221; pod\u00e9s elegir: 1) Negro \u00f3 2) Blanco<br \/>\noso, perfect, day, perfecto, dia, indio, animal, animalito, osa, nene, nena, bebe, beba<\/p>\n","protected":false},"excerpt":{"rendered":"<p>1 Marco   1 L\u00e1mina   1 Vidrio   1 Gancho<br \/>\nPodes solicitar cambiar los colores.<\/p>\n","protected":false},"featured_media":49262,"comment_status":"open","ping_status":"closed","template":"","meta":[],"class_list":{"0":"post-49266","1":"product","2":"type-product","3":"status-publish","4":"has-post-thumbnail","6":"product_cat-infantiles","7":"product_cat-animalesynaturaleza-infantiles","8":"product_cat-todo","9":"product_tag-animal","10":"product_tag-animalito","11":"product_tag-beba","12":"product_tag-bebe","13":"product_tag-day","14":"product_tag-dia","15":"product_tag-indio","16":"product_tag-nena","17":"product_tag-nene","18":"product_tag-osa","19":"product_tag-oso","20":"product_tag-perfect","21":"product_tag-perfecto","23":"first","24":"instock","25":"featured","26":"shipping-taxable","27":"purchasable","28":"product-type-variable"},"_links":{"self":[{"href":"https:\/\/tumarquito.com\/index.php?rest_route=\/wp\/v2\/product\/49266","targetHints":{"allow":["GET"]}}],"collection":[{"href":"https:\/\/tumarquito.com\/index.php?rest_route=\/wp\/v2\/product"}],"about":[{"href":"https:\/\/tumarquito.com\/index.php?rest_route=\/wp\/v2\/types\/product"}],"replies":[{"embeddable":true,"href":"https:\/\/tumarquito.com\/index.php?rest_route=%2Fwp%2Fv2%2Fcomments&post=49266"}],"wp:featuredmedia":[{"embeddable":true,"href":"https:\/\/tumarquito.com\/index.php?rest_route=\/wp\/v2\/media\/49262"}],"wp:attachment":[{"href":"https:\/\/tumarquito.com\/index.php?rest_route=%2Fwp%2Fv2%2Fmedia&parent=49266"}],"curies":[{"name":"wp","href":"https:\/\/api.w.org\/{rel}","templated":true}]}}