{"id":48970,"date":"2020-10-29T15:04:53","date_gmt":"2020-10-29T18:04:53","guid":{"rendered":"https:\/\/tumarquito.com\/?product=import-placeholder-for-i-ani-leoncole-000000"},"modified":"2023-09-07T21:34:29","modified_gmt":"2023-09-08T00:34:29","slug":"leon-al-cole","status":"publish","type":"product","link":"https:\/\/tumarquito.com\/?product=leon-al-cole","title":{"rendered":"Leon al Cole"},"content":{"rendered":"<p>1 Marco   1 L\u00e1mina   1 Vidrio   1 Gancho<br \/>\nEn la descripci\u00f3n de color &#8220;Natural&#8221; pod\u00e9s elegir: 1) Madera al natural<br \/>\nEn la descripci\u00f3n de color &#8220;A Elecci\u00f3n&#8221; pod\u00e9s elegir: 1) Negro \u00f3 2) Blanco<br \/>\nleon, cole, mochila, animal, nene, nena, bebe, beba<\/p>\n","protected":false},"excerpt":{"rendered":"<p>1 Marco   1 L\u00e1mina   1 Vidrio   1 Gancho<br \/>\nPodes solicitar cambiar los colores.<\/p>\n","protected":false},"featured_media":48959,"comment_status":"open","ping_status":"closed","template":"","meta":[],"class_list":{"0":"post-48970","1":"product","2":"type-product","3":"status-publish","4":"has-post-thumbnail","6":"product_cat-infantiles","7":"product_cat-animalesynaturaleza-infantiles","8":"product_cat-todo","9":"product_tag-animal","10":"product_tag-beba","11":"product_tag-bebe","12":"product_tag-cole","13":"product_tag-leon","14":"product_tag-mochila","15":"product_tag-nena","16":"product_tag-nene","18":"first","19":"instock","20":"featured","21":"shipping-taxable","22":"purchasable","23":"product-type-variable"},"_links":{"self":[{"href":"https:\/\/tumarquito.com\/index.php?rest_route=\/wp\/v2\/product\/48970","targetHints":{"allow":["GET"]}}],"collection":[{"href":"https:\/\/tumarquito.com\/index.php?rest_route=\/wp\/v2\/product"}],"about":[{"href":"https:\/\/tumarquito.com\/index.php?rest_route=\/wp\/v2\/types\/product"}],"replies":[{"embeddable":true,"href":"https:\/\/tumarquito.com\/index.php?rest_route=%2Fwp%2Fv2%2Fcomments&post=48970"}],"wp:featuredmedia":[{"embeddable":true,"href":"https:\/\/tumarquito.com\/index.php?rest_route=\/wp\/v2\/media\/48959"}],"wp:attachment":[{"href":"https:\/\/tumarquito.com\/index.php?rest_route=%2Fwp%2Fv2%2Fmedia&parent=48970"}],"curies":[{"name":"wp","href":"https:\/\/api.w.org\/{rel}","templated":true}]}}