{"id":48827,"date":"2020-10-12T19:24:57","date_gmt":"2020-10-12T22:24:57","guid":{"rendered":"https:\/\/tumarquito.com\/?product=import-placeholder-for-a-nat-hojalinea15-000000"},"modified":"2023-09-07T21:04:39","modified_gmt":"2023-09-08T00:04:39","slug":"hoja-linea-15","status":"publish","type":"product","link":"https:\/\/tumarquito.com\/?product=hoja-linea-15","title":{"rendered":"Hoja Linea 15"},"content":{"rendered":"<p>1 Marco   1 L\u00e1mina   1 Vidrio   1 Gancho<br \/>\nEn la descripci\u00f3n de color &#8220;Natural&#8221; pod\u00e9s elegir: 1) Madera al natural<br \/>\nEn la descripci\u00f3n de color &#8220;A Elecci\u00f3n&#8221; pod\u00e9s elegir: 1) Negro \u00f3 2) Blanco<br \/>\nhoja, planta, linea, flor, blanco, pastel, marron, beige, palmera, finita<\/p>\n","protected":false},"excerpt":{"rendered":"<p>1 Marco   1 L\u00e1mina   1 Vidrio   1 Gancho \/\/ podes cambiar los colores<\/p>\n","protected":false},"featured_media":48705,"comment_status":"open","ping_status":"closed","template":"","meta":[],"class_list":{"0":"post-48827","1":"product","2":"type-product","3":"status-publish","4":"has-post-thumbnail","6":"product_cat-adultos","7":"product_cat-animalesynaturaleza","8":"product_cat-todo","9":"product_tag-beige","10":"product_tag-blanco","11":"product_tag-finita","12":"product_tag-flor","13":"product_tag-hoja","14":"product_tag-linea","15":"product_tag-marron","16":"product_tag-palmera","17":"product_tag-pastel","18":"product_tag-planta","20":"first","21":"instock","22":"featured","23":"shipping-taxable","24":"purchasable","25":"product-type-variable"},"_links":{"self":[{"href":"https:\/\/tumarquito.com\/index.php?rest_route=\/wp\/v2\/product\/48827","targetHints":{"allow":["GET"]}}],"collection":[{"href":"https:\/\/tumarquito.com\/index.php?rest_route=\/wp\/v2\/product"}],"about":[{"href":"https:\/\/tumarquito.com\/index.php?rest_route=\/wp\/v2\/types\/product"}],"replies":[{"embeddable":true,"href":"https:\/\/tumarquito.com\/index.php?rest_route=%2Fwp%2Fv2%2Fcomments&post=48827"}],"wp:featuredmedia":[{"embeddable":true,"href":"https:\/\/tumarquito.com\/index.php?rest_route=\/wp\/v2\/media\/48705"}],"wp:attachment":[{"href":"https:\/\/tumarquito.com\/index.php?rest_route=%2Fwp%2Fv2%2Fmedia&parent=48827"}],"curies":[{"name":"wp","href":"https:\/\/api.w.org\/{rel}","templated":true}]}}