{"id":48737,"date":"2020-10-12T19:24:19","date_gmt":"2020-10-12T22:24:19","guid":{"rendered":"https:\/\/tumarquito.com\/?product=import-placeholder-for-a-nat-hojalinea12-000000"},"modified":"2023-09-07T21:04:17","modified_gmt":"2023-09-08T00:04:17","slug":"hoja-linea-12","status":"publish","type":"product","link":"https:\/\/tumarquito.com\/?product=hoja-linea-12","title":{"rendered":"Hoja Linea 12"},"content":{"rendered":"<p>1 Marco   1 L\u00e1mina   1 Vidrio   1 Gancho<br \/>\nEn la descripci\u00f3n de color &#8220;Natural&#8221; pod\u00e9s elegir: 1) Madera al natural<br \/>\nEn la descripci\u00f3n de color &#8220;A Elecci\u00f3n&#8221; pod\u00e9s elegir: 1) Negro \u00f3 2) Blanco<br \/>\nhoja, planta, linea, flor, verde, blanco, verde seco, pastel, olivo, largas, finitas<\/p>\n","protected":false},"excerpt":{"rendered":"<p>1 Marco   1 L\u00e1mina   1 Vidrio   1 Gancho \/\/ podes cambiar los colores<\/p>\n","protected":false},"featured_media":48702,"comment_status":"open","ping_status":"closed","template":"","meta":[],"class_list":{"0":"post-48737","1":"product","2":"type-product","3":"status-publish","4":"has-post-thumbnail","6":"product_cat-adultos","7":"product_cat-animalesynaturaleza","8":"product_cat-todo","9":"product_tag-blanco","10":"product_tag-finitas","11":"product_tag-flor","12":"product_tag-hoja","13":"product_tag-largas","14":"product_tag-linea","15":"product_tag-olivo","16":"product_tag-pastel","17":"product_tag-planta","18":"product_tag-verde","19":"product_tag-verde-seco","21":"first","22":"instock","23":"featured","24":"shipping-taxable","25":"purchasable","26":"product-type-variable"},"_links":{"self":[{"href":"https:\/\/tumarquito.com\/index.php?rest_route=\/wp\/v2\/product\/48737","targetHints":{"allow":["GET"]}}],"collection":[{"href":"https:\/\/tumarquito.com\/index.php?rest_route=\/wp\/v2\/product"}],"about":[{"href":"https:\/\/tumarquito.com\/index.php?rest_route=\/wp\/v2\/types\/product"}],"replies":[{"embeddable":true,"href":"https:\/\/tumarquito.com\/index.php?rest_route=%2Fwp%2Fv2%2Fcomments&post=48737"}],"wp:featuredmedia":[{"embeddable":true,"href":"https:\/\/tumarquito.com\/index.php?rest_route=\/wp\/v2\/media\/48702"}],"wp:attachment":[{"href":"https:\/\/tumarquito.com\/index.php?rest_route=%2Fwp%2Fv2%2Fmedia&parent=48737"}],"curies":[{"name":"wp","href":"https:\/\/api.w.org\/{rel}","templated":true}]}}