{"id":48476,"date":"2020-10-08T22:52:52","date_gmt":"2020-10-09T01:52:52","guid":{"rendered":"https:\/\/tumarquito.com\/?product=import-placeholder-for-a-yoga-signovioletas-000000"},"modified":"2023-09-07T21:32:49","modified_gmt":"2023-09-08T00:32:49","slug":"signo-violeta","status":"publish","type":"product","link":"https:\/\/tumarquito.com\/?product=signo-violeta","title":{"rendered":"Signo Violeta"},"content":{"rendered":"<p>&#8220;1 Marco   1 L\u00e1mina   1 Vidrio   1 Gancho<br \/>\nEn la descripci\u00f3n de color &#8220;&#8221;Natural&#8221;&#8221; pod\u00e9s elegir: 1) Madera al natural<br \/>\nEn la descripci\u00f3n de color &#8220;&#8221;A Elecci\u00f3n&#8221;&#8221; pod\u00e9s elegir: 1) Negro \u00f3 2) Blanco&#8221;<br \/>\nsigno, signos, zodiaco, azul, estrellas, cielo, constelaciones, aries, tauro, geminis, cancer, leo, virgo, libra, escorpio, sagitario, capricornio, aquario, piscis, violeta, magenta, fucsia, rosa<br \/>\nPODES ELEGIR EL SIGNO QUE QUIERAS<\/p>\n","protected":false},"excerpt":{"rendered":"<p>1 Marco   1 L\u00e1mina   1 Vidrio   1 Gancho<\/p>\n","protected":false},"featured_media":48431,"comment_status":"open","ping_status":"closed","template":"","meta":[],"class_list":{"0":"post-48476","1":"product","2":"type-product","3":"status-publish","4":"has-post-thumbnail","6":"product_cat-adultos","7":"product_cat-budayyoga","8":"product_cat-todo","9":"product_tag-aquario","10":"product_tag-aries","11":"product_tag-azul","12":"product_tag-cancer","13":"product_tag-capricornio","14":"product_tag-cielo","15":"product_tag-constelaciones","16":"product_tag-escorpio","17":"product_tag-estrellas","18":"product_tag-fucsia","19":"product_tag-geminis","20":"product_tag-leo","21":"product_tag-libra","22":"product_tag-magenta","23":"product_tag-piscis","24":"product_tag-rosa","25":"product_tag-sagitario","26":"product_tag-signo","27":"product_tag-signos","28":"product_tag-tauro","29":"product_tag-violeta","30":"product_tag-virgo","31":"product_tag-zodiaco","33":"first","34":"instock","35":"featured","36":"shipping-taxable","37":"purchasable","38":"product-type-variable"},"_links":{"self":[{"href":"https:\/\/tumarquito.com\/index.php?rest_route=\/wp\/v2\/product\/48476","targetHints":{"allow":["GET"]}}],"collection":[{"href":"https:\/\/tumarquito.com\/index.php?rest_route=\/wp\/v2\/product"}],"about":[{"href":"https:\/\/tumarquito.com\/index.php?rest_route=\/wp\/v2\/types\/product"}],"replies":[{"embeddable":true,"href":"https:\/\/tumarquito.com\/index.php?rest_route=%2Fwp%2Fv2%2Fcomments&post=48476"}],"wp:featuredmedia":[{"embeddable":true,"href":"https:\/\/tumarquito.com\/index.php?rest_route=\/wp\/v2\/media\/48431"}],"wp:attachment":[{"href":"https:\/\/tumarquito.com\/index.php?rest_route=%2Fwp%2Fv2%2Fmedia&parent=48476"}],"curies":[{"name":"wp","href":"https:\/\/api.w.org\/{rel}","templated":true}]}}