{"id":48025,"date":"2020-09-18T14:56:30","date_gmt":"2020-09-18T17:56:30","guid":{"rendered":"https:\/\/tumarquito.com\/?product=import-placeholder-for-a-arte-bn9-000000"},"modified":"2021-06-05T21:19:00","modified_gmt":"2021-06-06T00:19:00","slug":"blanco-y-negro-9","status":"publish","type":"product","link":"https:\/\/tumarquito.com\/?product=blanco-y-negro-9","title":{"rendered":"Blanco y Negro 9"},"content":{"rendered":"<p>1 Marco 1 L\u00e1mina 1 Vidrio 1 Gancho<br \/>\nEn la descripci\u00f3n de color &#8220;Natural&#8221; pod\u00e9s elegir: 1) Madera al natural<br \/>\nEn la descripci\u00f3n de color &#8220;A Elecci\u00f3n&#8221; pod\u00e9s elegir: 1) Roble, 2) Negro \u00f3 3) Blanco<br \/>\narte, blanco, negro, figura, abstracto, curvas, recto, geometria<\/p>\n","protected":false},"excerpt":{"rendered":"<p>1 Marco   1 L\u00e1mina   1 Vidrio   1 Gancho \/\/ Podes solicitar cambiar el color<\/p>\n","protected":false},"featured_media":47816,"comment_status":"open","ping_status":"closed","template":"","meta":[],"class_list":{"0":"post-48025","1":"product","2":"type-product","3":"status-publish","4":"has-post-thumbnail","6":"product_cat-adultos","7":"product_cat-arteyfotos","8":"product_cat-todo","9":"product_tag-abstracto","10":"product_tag-arte","11":"product_tag-blanco","12":"product_tag-curvas","13":"product_tag-figura","14":"product_tag-geometria","15":"product_tag-negro","16":"product_tag-recto","18":"first","19":"instock","20":"shipping-taxable","21":"purchasable","22":"product-type-variable"},"_links":{"self":[{"href":"https:\/\/tumarquito.com\/index.php?rest_route=\/wp\/v2\/product\/48025","targetHints":{"allow":["GET"]}}],"collection":[{"href":"https:\/\/tumarquito.com\/index.php?rest_route=\/wp\/v2\/product"}],"about":[{"href":"https:\/\/tumarquito.com\/index.php?rest_route=\/wp\/v2\/types\/product"}],"replies":[{"embeddable":true,"href":"https:\/\/tumarquito.com\/index.php?rest_route=%2Fwp%2Fv2%2Fcomments&post=48025"}],"wp:featuredmedia":[{"embeddable":true,"href":"https:\/\/tumarquito.com\/index.php?rest_route=\/wp\/v2\/media\/47816"}],"wp:attachment":[{"href":"https:\/\/tumarquito.com\/index.php?rest_route=%2Fwp%2Fv2%2Fmedia&parent=48025"}],"curies":[{"name":"wp","href":"https:\/\/api.w.org\/{rel}","templated":true}]}}