{"id":47453,"date":"2020-08-17T21:02:15","date_gmt":"2020-08-18T00:02:15","guid":{"rendered":"https:\/\/tumarquito.com\/?product=import-placeholder-for-a-coc-tomillo2-000000"},"modified":"2023-09-07T15:26:01","modified_gmt":"2023-09-07T18:26:01","slug":"tomillo-2","status":"publish","type":"product","link":"https:\/\/tumarquito.com\/?product=tomillo-2","title":{"rendered":"Tomillo 2"},"content":{"rendered":"<p>1 Marco   1 L\u00e1mina   1 Vidrio   1 Gancho<br \/>\nEn la descripci\u00f3n de color &#8220;Natural&#8221; pod\u00e9s elegir: 1) Madera al natural<br \/>\nEn la descripci\u00f3n de color &#8220;A Elecci\u00f3n&#8221; pod\u00e9s elegir: 1) Negro \u00f3 2) Blanco<br \/>\nhoja, planta, especia, especias, cocina, cocinar, condimentar, verde, tomillo<\/p>\n","protected":false},"excerpt":{"rendered":"<p>1 Marco   1 L\u00e1mina   1 Vidrio   1 Gancho<\/p>\n","protected":false},"featured_media":47300,"comment_status":"open","ping_status":"closed","template":"","meta":[],"class_list":{"0":"post-47453","1":"product","2":"type-product","3":"status-publish","4":"has-post-thumbnail","6":"product_cat-adultos","7":"product_cat-cocinayotros","8":"product_cat-todo","9":"product_tag-cocina","10":"product_tag-cocinar","11":"product_tag-condimentar","12":"product_tag-especia","13":"product_tag-especias","14":"product_tag-hoja","15":"product_tag-planta","16":"product_tag-tomillo","17":"product_tag-verde","19":"first","20":"instock","21":"shipping-taxable","22":"purchasable","23":"product-type-variable"},"_links":{"self":[{"href":"https:\/\/tumarquito.com\/index.php?rest_route=\/wp\/v2\/product\/47453","targetHints":{"allow":["GET"]}}],"collection":[{"href":"https:\/\/tumarquito.com\/index.php?rest_route=\/wp\/v2\/product"}],"about":[{"href":"https:\/\/tumarquito.com\/index.php?rest_route=\/wp\/v2\/types\/product"}],"replies":[{"embeddable":true,"href":"https:\/\/tumarquito.com\/index.php?rest_route=%2Fwp%2Fv2%2Fcomments&post=47453"}],"wp:featuredmedia":[{"embeddable":true,"href":"https:\/\/tumarquito.com\/index.php?rest_route=\/wp\/v2\/media\/47300"}],"wp:attachment":[{"href":"https:\/\/tumarquito.com\/index.php?rest_route=%2Fwp%2Fv2%2Fmedia&parent=47453"}],"curies":[{"name":"wp","href":"https:\/\/api.w.org\/{rel}","templated":true}]}}