{"id":47303,"date":"2020-08-17T21:01:09","date_gmt":"2020-08-18T00:01:09","guid":{"rendered":"https:\/\/tumarquito.com\/?product=import-placeholder-for-a-coc-romero1-000000"},"modified":"2023-09-07T15:25:23","modified_gmt":"2023-09-07T18:25:23","slug":"romero-1","status":"publish","type":"product","link":"https:\/\/tumarquito.com\/?product=romero-1","title":{"rendered":"Romero 1"},"content":{"rendered":"<p>1 Marco   1 L\u00e1mina   1 Vidrio   1 Gancho<br \/>\nEn la descripci\u00f3n de color &#8220;Natural&#8221; pod\u00e9s elegir: 1) Madera al natural<br \/>\nEn la descripci\u00f3n de color &#8220;A Elecci\u00f3n&#8221; pod\u00e9s elegir: 1) Negro \u00f3 2) Blanco<br \/>\nhoja, planta, especia, especias, cocina, cocinar, condimentar, verde, romero<\/p>\n","protected":false},"excerpt":{"rendered":"<p>1 Marco   1 L\u00e1mina   1 Vidrio   1 Gancho<\/p>\n","protected":false},"featured_media":47290,"comment_status":"open","ping_status":"closed","template":"","meta":[],"class_list":{"0":"post-47303","1":"product","2":"type-product","3":"status-publish","4":"has-post-thumbnail","6":"product_cat-adultos","7":"product_cat-cocinayotros","8":"product_cat-todo","9":"product_tag-cocina","10":"product_tag-cocinar","11":"product_tag-condimentar","12":"product_tag-especia","13":"product_tag-especias","14":"product_tag-hoja","15":"product_tag-planta","16":"product_tag-romero","17":"product_tag-verde","19":"first","20":"instock","21":"shipping-taxable","22":"purchasable","23":"product-type-variable"},"_links":{"self":[{"href":"https:\/\/tumarquito.com\/index.php?rest_route=\/wp\/v2\/product\/47303","targetHints":{"allow":["GET"]}}],"collection":[{"href":"https:\/\/tumarquito.com\/index.php?rest_route=\/wp\/v2\/product"}],"about":[{"href":"https:\/\/tumarquito.com\/index.php?rest_route=\/wp\/v2\/types\/product"}],"replies":[{"embeddable":true,"href":"https:\/\/tumarquito.com\/index.php?rest_route=%2Fwp%2Fv2%2Fcomments&post=47303"}],"wp:featuredmedia":[{"embeddable":true,"href":"https:\/\/tumarquito.com\/index.php?rest_route=\/wp\/v2\/media\/47290"}],"wp:attachment":[{"href":"https:\/\/tumarquito.com\/index.php?rest_route=%2Fwp%2Fv2%2Fmedia&parent=47303"}],"curies":[{"name":"wp","href":"https:\/\/api.w.org\/{rel}","templated":true}]}}