{"id":47014,"date":"2020-07-27T19:41:13","date_gmt":"2020-07-27T22:41:13","guid":{"rendered":"https:\/\/tumarquito.com\/?product=import-placeholder-for-a-frases_oficina5-000000"},"modified":"2023-09-07T17:51:05","modified_gmt":"2023-09-07T20:51:05","slug":"frase-oficina-5","status":"publish","type":"product","link":"https:\/\/tumarquito.com\/?product=frase-oficina-5","title":{"rendered":"Frase Oficina 5"},"content":{"rendered":"<p>1 Marco   1 L\u00e1mina   1 Vidrio   1 Gancho<br \/>\nEn la descripci\u00f3n de color &#8220;Natural&#8221; pod\u00e9s elegir: 1) Madera al natural<br \/>\nEn la descripci\u00f3n de color &#8220;A Elecci\u00f3n&#8221; pod\u00e9s elegir: 1) Negro \u00f3 2) Blanco<br \/>\nfrase, oficina, ayudamos, respetamos, trabajamos, divertimos, equipo<\/p>\n","protected":false},"excerpt":{"rendered":"<p>1 Marco   1 L\u00e1mina   1 Vidrio   1 Gancho<\/p>\n","protected":false},"featured_media":46771,"comment_status":"open","ping_status":"closed","template":"","meta":[],"class_list":{"0":"post-47014","1":"product","2":"type-product","3":"status-publish","4":"has-post-thumbnail","6":"product_cat-adultos","7":"product_cat-frases","8":"product_cat-todo","9":"product_tag-ayudamos","10":"product_tag-divertimos","11":"product_tag-equipo","12":"product_tag-frase","13":"product_tag-oficina","14":"product_tag-respetamos","15":"product_tag-trabajamos","17":"first","18":"instock","19":"shipping-taxable","20":"purchasable","21":"product-type-variable"},"_links":{"self":[{"href":"https:\/\/tumarquito.com\/index.php?rest_route=\/wp\/v2\/product\/47014","targetHints":{"allow":["GET"]}}],"collection":[{"href":"https:\/\/tumarquito.com\/index.php?rest_route=\/wp\/v2\/product"}],"about":[{"href":"https:\/\/tumarquito.com\/index.php?rest_route=\/wp\/v2\/types\/product"}],"replies":[{"embeddable":true,"href":"https:\/\/tumarquito.com\/index.php?rest_route=%2Fwp%2Fv2%2Fcomments&post=47014"}],"wp:featuredmedia":[{"embeddable":true,"href":"https:\/\/tumarquito.com\/index.php?rest_route=\/wp\/v2\/media\/46771"}],"wp:attachment":[{"href":"https:\/\/tumarquito.com\/index.php?rest_route=%2Fwp%2Fv2%2Fmedia&parent=47014"}],"curies":[{"name":"wp","href":"https:\/\/api.w.org\/{rel}","templated":true}]}}