{"id":46955,"date":"2020-07-27T19:33:11","date_gmt":"2020-07-27T22:33:11","guid":{"rendered":"https:\/\/tumarquito.com\/?product=import-placeholder-for-a-combo-fraseoficina_4-000"},"modified":"2023-09-07T17:51:05","modified_gmt":"2023-09-07T20:51:05","slug":"combo-frase-oficina-4","status":"publish","type":"product","link":"https:\/\/tumarquito.com\/?product=combo-frase-oficina-4","title":{"rendered":"Combo Frase Oficina 4"},"content":{"rendered":"<p>Combo Frase Oficina 4 \/\/\u00a0 3 Unidades \/ 30X42 (3)<br \/>\nEn la descripci\u00f3n de color &#8220;Natural&#8221; pod\u00e9s elegir: 1) Madera al natural<br \/>\nEn la descripci\u00f3n de color &#8220;A Elecci\u00f3n&#8221; pod\u00e9s elegir: 1) Negro \u00f3 2) Blanco<br \/>\nfrase, oficina, talent, grit, success, talento, exito<\/p>\n","protected":false},"excerpt":{"rendered":"<p>Combo Frase Oficina 4 \/\/\u00a0 3 Unidades \/ 30X42 (3) <\/p>\n","protected":false},"featured_media":46770,"comment_status":"open","ping_status":"closed","template":"","meta":[],"class_list":{"0":"post-46955","1":"product","2":"type-product","3":"status-publish","4":"has-post-thumbnail","6":"product_cat-combos","7":"product_cat-adultos-combos","8":"product_cat-todo","9":"product_tag-exito","10":"product_tag-frase","11":"product_tag-grit","12":"product_tag-oficina","13":"product_tag-success","14":"product_tag-talent","15":"product_tag-talento","17":"first","18":"instock","19":"featured","20":"shipping-taxable","21":"purchasable","22":"product-type-variable"},"_links":{"self":[{"href":"https:\/\/tumarquito.com\/index.php?rest_route=\/wp\/v2\/product\/46955","targetHints":{"allow":["GET"]}}],"collection":[{"href":"https:\/\/tumarquito.com\/index.php?rest_route=\/wp\/v2\/product"}],"about":[{"href":"https:\/\/tumarquito.com\/index.php?rest_route=\/wp\/v2\/types\/product"}],"replies":[{"embeddable":true,"href":"https:\/\/tumarquito.com\/index.php?rest_route=%2Fwp%2Fv2%2Fcomments&post=46955"}],"wp:featuredmedia":[{"embeddable":true,"href":"https:\/\/tumarquito.com\/index.php?rest_route=\/wp\/v2\/media\/46770"}],"wp:attachment":[{"href":"https:\/\/tumarquito.com\/index.php?rest_route=%2Fwp%2Fv2%2Fmedia&parent=46955"}],"curies":[{"name":"wp","href":"https:\/\/api.w.org\/{rel}","templated":true}]}}