{"id":46508,"date":"2020-07-26T15:05:35","date_gmt":"2020-07-26T18:05:35","guid":{"rendered":"https:\/\/tumarquito.com\/?product=import-placeholder-for-i-escan-escandinavo17-000000"},"modified":"2023-09-07T22:13:11","modified_gmt":"2023-09-08T01:13:11","slug":"escandinavo-17","status":"publish","type":"product","link":"https:\/\/tumarquito.com\/?product=escandinavo-17","title":{"rendered":"Escandinavo 17"},"content":{"rendered":"<p>1 Marco   1 L\u00e1mina   1 Vidrio   1 Gancho<br \/>\nEn la descripci\u00f3n de color &#8220;Natural&#8221; pod\u00e9s elegir: 1) Madera al natural<br \/>\nEn la descripci\u00f3n de color &#8220;A Elecci\u00f3n&#8221; pod\u00e9s elegir: 1) Negro \u00f3 2) Blanco<br \/>\nnube, escandinavo, infantil, amarillo, blanco, negro, oso, celeste, animal<\/p>\n","protected":false},"excerpt":{"rendered":"<p>1 Marco   1 L\u00e1mina   1 Vidrio   1 Gancho<\/p>\n","protected":false},"featured_media":46114,"comment_status":"open","ping_status":"closed","template":"","meta":[],"class_list":{"0":"post-46508","1":"product","2":"type-product","3":"status-publish","4":"has-post-thumbnail","6":"product_cat-infantiles","7":"product_cat-escandinavos-infantiles","8":"product_cat-todo","9":"product_tag-amarillo","10":"product_tag-animal","11":"product_tag-blanco","12":"product_tag-celeste","13":"product_tag-escandinavo","14":"product_tag-infantil","15":"product_tag-negro","16":"product_tag-nube","17":"product_tag-oso","19":"first","20":"instock","21":"shipping-taxable","22":"purchasable","23":"product-type-variable"},"_links":{"self":[{"href":"https:\/\/tumarquito.com\/index.php?rest_route=\/wp\/v2\/product\/46508","targetHints":{"allow":["GET"]}}],"collection":[{"href":"https:\/\/tumarquito.com\/index.php?rest_route=\/wp\/v2\/product"}],"about":[{"href":"https:\/\/tumarquito.com\/index.php?rest_route=\/wp\/v2\/types\/product"}],"replies":[{"embeddable":true,"href":"https:\/\/tumarquito.com\/index.php?rest_route=%2Fwp%2Fv2%2Fcomments&post=46508"}],"wp:featuredmedia":[{"embeddable":true,"href":"https:\/\/tumarquito.com\/index.php?rest_route=\/wp\/v2\/media\/46114"}],"wp:attachment":[{"href":"https:\/\/tumarquito.com\/index.php?rest_route=%2Fwp%2Fv2%2Fmedia&parent=46508"}],"curies":[{"name":"wp","href":"https:\/\/api.w.org\/{rel}","templated":true}]}}