{"id":46267,"date":"2020-07-26T15:03:33","date_gmt":"2020-07-26T18:03:33","guid":{"rendered":"https:\/\/tumarquito.com\/?product=import-placeholder-for-i-escan-escandinavo7-000000"},"modified":"2023-09-07T22:12:06","modified_gmt":"2023-09-08T01:12:06","slug":"escandinavo-7","status":"publish","type":"product","link":"https:\/\/tumarquito.com\/?product=escandinavo-7","title":{"rendered":"Escandinavo 7"},"content":{"rendered":"<p>1 Marco   1 L\u00e1mina   1 Vidrio   1 Gancho<br \/>\nEn la descripci\u00f3n de color &#8220;Natural&#8221; pod\u00e9s elegir: 1) Madera al natural<br \/>\nEn la descripci\u00f3n de color &#8220;A Elecci\u00f3n&#8221; pod\u00e9s elegir: 1) Negro \u00f3 2) Blanco<br \/>\nnube, escandinavo, infantil, blanco, negro,zorro, anteojos<\/p>\n","protected":false},"excerpt":{"rendered":"<p>1 Marco   1 L\u00e1mina   1 Vidrio   1 Gancho<\/p>\n","protected":false},"featured_media":46104,"comment_status":"open","ping_status":"closed","template":"","meta":[],"class_list":{"0":"post-46267","1":"product","2":"type-product","3":"status-publish","4":"has-post-thumbnail","6":"product_cat-infantiles","7":"product_cat-escandinavos-infantiles","8":"product_cat-todo","9":"product_tag-anteojos","10":"product_tag-blanco","11":"product_tag-escandinavo","12":"product_tag-infantil","13":"product_tag-negro","14":"product_tag-nube","15":"product_tag-zorro","17":"first","18":"instock","19":"shipping-taxable","20":"purchasable","21":"product-type-variable"},"_links":{"self":[{"href":"https:\/\/tumarquito.com\/index.php?rest_route=\/wp\/v2\/product\/46267","targetHints":{"allow":["GET"]}}],"collection":[{"href":"https:\/\/tumarquito.com\/index.php?rest_route=\/wp\/v2\/product"}],"about":[{"href":"https:\/\/tumarquito.com\/index.php?rest_route=\/wp\/v2\/types\/product"}],"replies":[{"embeddable":true,"href":"https:\/\/tumarquito.com\/index.php?rest_route=%2Fwp%2Fv2%2Fcomments&post=46267"}],"wp:featuredmedia":[{"embeddable":true,"href":"https:\/\/tumarquito.com\/index.php?rest_route=\/wp\/v2\/media\/46104"}],"wp:attachment":[{"href":"https:\/\/tumarquito.com\/index.php?rest_route=%2Fwp%2Fv2%2Fmedia&parent=46267"}],"curies":[{"name":"wp","href":"https:\/\/api.w.org\/{rel}","templated":true}]}}