{"id":46030,"date":"2020-07-26T13:02:32","date_gmt":"2020-07-26T16:02:32","guid":{"rendered":"https:\/\/tumarquito.com\/?product=import-placeholder-for-i-ani-anicolores9-000000"},"modified":"2023-09-07T21:38:01","modified_gmt":"2023-09-08T00:38:01","slug":"animales-colores-9","status":"publish","type":"product","link":"https:\/\/tumarquito.com\/?product=animales-colores-9","title":{"rendered":"Animales Colores 9"},"content":{"rendered":"<p>1 Marco   1 L\u00e1mina   1 Vidrio   1 Gancho<br \/>\nEn la descripci\u00f3n de color &#8220;Natural&#8221; pod\u00e9s elegir: 1) Madera al natural<br \/>\nEn la descripci\u00f3n de color &#8220;A Elecci\u00f3n&#8221; pod\u00e9s elegir: 1) Negro \u00f3 2) Blanco<br \/>\ncolores, animal, dinosario, dino, fuego, verde<\/p>\n","protected":false},"excerpt":{"rendered":"<p>1 Marco   1 L\u00e1mina   1 Vidrio   1 Gancho<\/p>\n","protected":false},"featured_media":45794,"comment_status":"open","ping_status":"closed","template":"","meta":[],"class_list":{"0":"post-46030","1":"product","2":"type-product","3":"status-publish","4":"has-post-thumbnail","6":"product_cat-infantiles","7":"product_cat-animalesynaturaleza-infantiles","8":"product_cat-todo","9":"product_tag-animal","10":"product_tag-colores","11":"product_tag-dino","12":"product_tag-dinosario","13":"product_tag-fuego","14":"product_tag-verde","16":"first","17":"instock","18":"featured","19":"shipping-taxable","20":"purchasable","21":"product-type-variable"},"_links":{"self":[{"href":"https:\/\/tumarquito.com\/index.php?rest_route=\/wp\/v2\/product\/46030","targetHints":{"allow":["GET"]}}],"collection":[{"href":"https:\/\/tumarquito.com\/index.php?rest_route=\/wp\/v2\/product"}],"about":[{"href":"https:\/\/tumarquito.com\/index.php?rest_route=\/wp\/v2\/types\/product"}],"replies":[{"embeddable":true,"href":"https:\/\/tumarquito.com\/index.php?rest_route=%2Fwp%2Fv2%2Fcomments&post=46030"}],"wp:featuredmedia":[{"embeddable":true,"href":"https:\/\/tumarquito.com\/index.php?rest_route=\/wp\/v2\/media\/45794"}],"wp:attachment":[{"href":"https:\/\/tumarquito.com\/index.php?rest_route=%2Fwp%2Fv2%2Fmedia&parent=46030"}],"curies":[{"name":"wp","href":"https:\/\/api.w.org\/{rel}","templated":true}]}}