{"id":45913,"date":"2020-07-26T12:58:08","date_gmt":"2020-07-26T15:58:08","guid":{"rendered":"https:\/\/tumarquito.com\/?product=import-placeholder-for-i-ani-anicolores6-000000"},"modified":"2023-09-07T21:37:45","modified_gmt":"2023-09-08T00:37:45","slug":"animales-colores-6","status":"publish","type":"product","link":"https:\/\/tumarquito.com\/?product=animales-colores-6","title":{"rendered":"Animales Colores 6"},"content":{"rendered":"<p>1 Marco   1 L\u00e1mina   1 Vidrio   1 Gancho<br \/>\nEn la descripci\u00f3n de color &#8220;Natural&#8221; pod\u00e9s elegir: 1) Madera al natural<br \/>\nEn la descripci\u00f3n de color &#8220;A Elecci\u00f3n&#8221; pod\u00e9s elegir: 1) Negro \u00f3 2) Blanco<br \/>\ncolores, animal, pinguino, bufanda, corazon<\/p>\n","protected":false},"excerpt":{"rendered":"<p>1 Marco   1 L\u00e1mina   1 Vidrio   1 Gancho<\/p>\n","protected":false},"featured_media":45791,"comment_status":"open","ping_status":"closed","template":"","meta":[],"class_list":{"0":"post-45913","1":"product","2":"type-product","3":"status-publish","4":"has-post-thumbnail","6":"product_cat-infantiles","7":"product_cat-animalesynaturaleza-infantiles","8":"product_cat-todo","9":"product_tag-animal","10":"product_tag-bufanda","11":"product_tag-colores","12":"product_tag-corazon","13":"product_tag-pinguino","15":"first","16":"instock","17":"featured","18":"shipping-taxable","19":"purchasable","20":"product-type-variable"},"_links":{"self":[{"href":"https:\/\/tumarquito.com\/index.php?rest_route=\/wp\/v2\/product\/45913","targetHints":{"allow":["GET"]}}],"collection":[{"href":"https:\/\/tumarquito.com\/index.php?rest_route=\/wp\/v2\/product"}],"about":[{"href":"https:\/\/tumarquito.com\/index.php?rest_route=\/wp\/v2\/types\/product"}],"replies":[{"embeddable":true,"href":"https:\/\/tumarquito.com\/index.php?rest_route=%2Fwp%2Fv2%2Fcomments&post=45913"}],"wp:featuredmedia":[{"embeddable":true,"href":"https:\/\/tumarquito.com\/index.php?rest_route=\/wp\/v2\/media\/45791"}],"wp:attachment":[{"href":"https:\/\/tumarquito.com\/index.php?rest_route=%2Fwp%2Fv2%2Fmedia&parent=45913"}],"curies":[{"name":"wp","href":"https:\/\/api.w.org\/{rel}","templated":true}]}}