{"id":45578,"date":"2020-07-26T12:43:52","date_gmt":"2020-07-26T15:43:52","guid":{"rendered":"https:\/\/tumarquito.com\/?product=import-placeholder-for-i-ani-aniflor5-000000"},"modified":"2023-09-07T21:39:45","modified_gmt":"2023-09-08T00:39:45","slug":"animal-flor-5","status":"publish","type":"product","link":"https:\/\/tumarquito.com\/?product=animal-flor-5","title":{"rendered":"Animal Flor 5"},"content":{"rendered":"<p>1 Marco   1 L\u00e1mina   1 Vidrio   1 Gancho<br \/>\nEn la descripci\u00f3n de color &#8220;Natural&#8221; pod\u00e9s elegir: 1) Madera al natural<br \/>\nEn la descripci\u00f3n de color &#8220;A Elecci\u00f3n&#8221; pod\u00e9s elegir: 1) Negro \u00f3 2) Blanco<br \/>\nanimal, animalito, bebe, nena, nene, elefante, flores, rosa, rosas, verde<\/p>\n","protected":false},"excerpt":{"rendered":"<p>1 Marco   1 L\u00e1mina   1 Vidrio   1 Gancho<\/p>\n","protected":false},"featured_media":45439,"comment_status":"open","ping_status":"closed","template":"","meta":[],"class_list":{"0":"post-45578","1":"product","2":"type-product","3":"status-publish","4":"has-post-thumbnail","6":"product_cat-infantiles","7":"product_cat-animalesynaturaleza-infantiles","8":"product_cat-todo","9":"product_tag-animal","10":"product_tag-animalito","11":"product_tag-bebe","12":"product_tag-elefante","13":"product_tag-flores","14":"product_tag-nena","15":"product_tag-nene","16":"product_tag-rosa","17":"product_tag-rosas","18":"product_tag-verde","20":"first","21":"instock","22":"featured","23":"shipping-taxable","24":"purchasable","25":"product-type-variable"},"_links":{"self":[{"href":"https:\/\/tumarquito.com\/index.php?rest_route=\/wp\/v2\/product\/45578","targetHints":{"allow":["GET"]}}],"collection":[{"href":"https:\/\/tumarquito.com\/index.php?rest_route=\/wp\/v2\/product"}],"about":[{"href":"https:\/\/tumarquito.com\/index.php?rest_route=\/wp\/v2\/types\/product"}],"replies":[{"embeddable":true,"href":"https:\/\/tumarquito.com\/index.php?rest_route=%2Fwp%2Fv2%2Fcomments&post=45578"}],"wp:featuredmedia":[{"embeddable":true,"href":"https:\/\/tumarquito.com\/index.php?rest_route=\/wp\/v2\/media\/45439"}],"wp:attachment":[{"href":"https:\/\/tumarquito.com\/index.php?rest_route=%2Fwp%2Fv2%2Fmedia&parent=45578"}],"curies":[{"name":"wp","href":"https:\/\/api.w.org\/{rel}","templated":true}]}}